{"id":9813,"date":"2026-04-06T12:47:53","date_gmt":"2026-04-06T10:47:53","guid":{"rendered":"https:\/\/www.lucskyturf.com\/?page_id=9813"},"modified":"2026-04-06T15:57:34","modified_gmt":"2026-04-06T13:57:34","slug":"classement-challenge-impasse-avril-2026","status":"publish","type":"page","link":"https:\/\/www.lucskyturf.com\/index.php\/classement-challenge-impasse-avril-2026\/","title":{"rendered":"Classement Challenge Impasse Avril 2026"},"content":{"rendered":"\n<p>Classement g\u00e9n\u00e9ral apr\u00e8s le 6\u00e8me jour du mois<\/p>\n\n\n\n<p>Le lien vers notre fichier de suivi : <a href=\"https:\/\/lucskyturf-my.sharepoint.com\/:x:\/p\/christophe\/IQCmto7vONrnQ54Ou3Ri3IEVAa2a8mDKfQDUxx1IR_NYwN0?e=VzK8kH\">ici<\/a><\/p>\n\n\n\n<p>Petit rappel en cas d\u2019erreur de num\u00e9ro si le nom du cheval est cit\u00e9 il devient prioritaire sur le num\u00e9ro indiqu\u00e9.<\/p>\n\n\n<div class=\"wp-block-image\">\n<figure class=\"aligncenter size-full\"><img loading=\"lazy\" decoding=\"async\" width=\"285\" height=\"887\" src=\"https:\/\/www.lucskyturf.com\/wp-content\/uploads\/2026\/04\/image-18.png\" alt=\"\" class=\"wp-image-9823\" srcset=\"https:\/\/www.lucskyturf.com\/wp-content\/uploads\/2026\/04\/image-18.png 285w, https:\/\/www.lucskyturf.com\/wp-content\/uploads\/2026\/04\/image-18-96x300.png 96w\" sizes=\"auto, (max-width: 285px) 100vw, 285px\" \/><\/figure>\n<\/div>","protected":false},"excerpt":{"rendered":"<p>Classement g\u00e9n\u00e9ral apr\u00e8s le 6\u00e8me jour du mois Le lien vers notre fichier de suivi : ici Petit rappel en cas d\u2019erreur de num\u00e9ro si le nom du cheval est&#8230;<\/p>\n","protected":false},"author":1,"featured_media":0,"parent":0,"menu_order":0,"comment_status":"closed","ping_status":"closed","template":"","meta":{"jetpack_post_was_ever_published":false,"footnotes":""},"class_list":["post-9813","page","type-page","status-publish","hentry"],"jetpack_sharing_enabled":true,"_links":{"self":[{"href":"https:\/\/www.lucskyturf.com\/index.php\/wp-json\/wp\/v2\/pages\/9813","targetHints":{"allow":["GET"]}}],"collection":[{"href":"https:\/\/www.lucskyturf.com\/index.php\/wp-json\/wp\/v2\/pages"}],"about":[{"href":"https:\/\/www.lucskyturf.com\/index.php\/wp-json\/wp\/v2\/types\/page"}],"author":[{"embeddable":true,"href":"https:\/\/www.lucskyturf.com\/index.php\/wp-json\/wp\/v2\/users\/1"}],"replies":[{"embeddable":true,"href":"https:\/\/www.lucskyturf.com\/index.php\/wp-json\/wp\/v2\/comments?post=9813"}],"version-history":[{"count":3,"href":"https:\/\/www.lucskyturf.com\/index.php\/wp-json\/wp\/v2\/pages\/9813\/revisions"}],"predecessor-version":[{"id":9824,"href":"https:\/\/www.lucskyturf.com\/index.php\/wp-json\/wp\/v2\/pages\/9813\/revisions\/9824"}],"wp:attachment":[{"href":"https:\/\/www.lucskyturf.com\/index.php\/wp-json\/wp\/v2\/media?parent=9813"}],"curies":[{"name":"wp","href":"https:\/\/api.w.org\/{rel}","templated":true}]}}