{"id":9773,"date":"2026-03-31T19:28:13","date_gmt":"2026-03-31T17:28:13","guid":{"rendered":"https:\/\/www.lucskyturf.com\/?page_id=9773"},"modified":"2026-03-31T19:28:13","modified_gmt":"2026-03-31T17:28:13","slug":"reglement-challenge-impasse","status":"publish","type":"page","link":"https:\/\/www.lucskyturf.com\/index.php\/reglement-challenge-impasse\/","title":{"rendered":"R\u00e8glement Challenge Impasse"},"content":{"rendered":"\n<p>Ebauche de r\u00e8glement<\/p>\n\n\n\n<p>Il faut proposer un cheval qui ne fera pas l\u2019arriv\u00e9e du Quint\u00e9 (dans les 5 premiers) Mais attention on marque des points en fonction de la cote. Chaque cheval \u00e0 un capital de 100 points auquel on d\u00e9duit sa cote finale. Exemple aujourd\u2019hui : 16 IKKO 15\/1 cote finale = 85 points 5 GOLD PLAYER 50\/1 = 50 points SI la cote du cheval est sup\u00e9rieur \u00e0 100\/1 pas de points et si le cheval termine dans les 5 premiers pas de points non plus. La cote qui sera retenue sera celle ou il y a le plus d\u2019enjeu donc PMU POINT DE VENTE<\/p>\n\n\n\n<p>Et pour le tag #Impasse010426 (vous changez le jour pour le 2 et ainsi de suite<\/p>\n","protected":false},"excerpt":{"rendered":"<p>Ebauche de r\u00e8glement Il faut proposer un cheval qui ne fera pas l\u2019arriv\u00e9e du Quint\u00e9 (dans les 5 premiers) Mais attention on marque des points en fonction de la cote&#8230;.<\/p>\n","protected":false},"author":1,"featured_media":0,"parent":0,"menu_order":0,"comment_status":"closed","ping_status":"closed","template":"","meta":{"footnotes":""},"class_list":["post-9773","page","type-page","status-publish","hentry"],"jetpack_sharing_enabled":true,"_links":{"self":[{"href":"https:\/\/www.lucskyturf.com\/index.php\/wp-json\/wp\/v2\/pages\/9773","targetHints":{"allow":["GET"]}}],"collection":[{"href":"https:\/\/www.lucskyturf.com\/index.php\/wp-json\/wp\/v2\/pages"}],"about":[{"href":"https:\/\/www.lucskyturf.com\/index.php\/wp-json\/wp\/v2\/types\/page"}],"author":[{"embeddable":true,"href":"https:\/\/www.lucskyturf.com\/index.php\/wp-json\/wp\/v2\/users\/1"}],"replies":[{"embeddable":true,"href":"https:\/\/www.lucskyturf.com\/index.php\/wp-json\/wp\/v2\/comments?post=9773"}],"version-history":[{"count":1,"href":"https:\/\/www.lucskyturf.com\/index.php\/wp-json\/wp\/v2\/pages\/9773\/revisions"}],"predecessor-version":[{"id":9776,"href":"https:\/\/www.lucskyturf.com\/index.php\/wp-json\/wp\/v2\/pages\/9773\/revisions\/9776"}],"wp:attachment":[{"href":"https:\/\/www.lucskyturf.com\/index.php\/wp-json\/wp\/v2\/media?parent=9773"}],"curies":[{"name":"wp","href":"https:\/\/api.w.org\/{rel}","templated":true}]}}