{"id":9148,"date":"2026-01-03T17:33:19","date_gmt":"2026-01-03T16:33:19","guid":{"rendered":"https:\/\/www.lucskyturf.com\/?page_id=9148"},"modified":"2026-04-19T22:32:05","modified_gmt":"2026-04-19T20:32:05","slug":"cagnotte-2026","status":"publish","type":"page","link":"https:\/\/www.lucskyturf.com\/index.php\/cagnotte-2026\/","title":{"rendered":"Cagnotte 2026"},"content":{"rendered":"\n<p>Ci-dessous un \u00e9tat des gains au challenge G\u00e9ant<\/p>\n\n\n\n<p>Notre fichier de suivi des challenges G\u00e9ant est disponible : bientot<\/p>\n\n\n\n<figure class=\"wp-block-table\"><table><thead><tr><th class=\"has-text-align-center\" data-align=\"center\">Date<\/th><th class=\"has-text-align-center\" data-align=\"center\">Cagnotte<\/th><th class=\"has-text-align-center\" data-align=\"center\">Gagnants<\/th><th class=\"has-text-align-center\" data-align=\"center\">Gains<\/th><th class=\"has-text-align-center\" data-align=\"center\">Solde<\/th><\/tr><\/thead><tbody><tr><td class=\"has-text-align-center\" data-align=\"center\">03\/01\/2026<\/td><td class=\"has-text-align-center\" data-align=\"center\">15\u20ac<\/td><td class=\"has-text-align-center\" data-align=\"center\">@lucsky (15\u20ac)<\/td><td class=\"has-text-align-center\" data-align=\"center\">15\u20ac<\/td><td class=\"has-text-align-center\" data-align=\"center\">0\u20ac<\/td><\/tr><tr><td class=\"has-text-align-center\" data-align=\"center\">04\/01\/2026<\/td><td class=\"has-text-align-center\" data-align=\"center\">15\u20ac<\/td><td class=\"has-text-align-center\" data-align=\"center\"><a href=\"https:\/\/x.com\/LaskLg\">@LaskLg<\/a> (10\u20ac)<\/td><td class=\"has-text-align-center\" data-align=\"center\">10\u20ac<\/td><td class=\"has-text-align-center\" data-align=\"center\">5\u20ac<\/td><\/tr><tr><td class=\"has-text-align-center\" data-align=\"center\">10\/01\/2026<\/td><td class=\"has-text-align-center\" data-align=\"center\">20\u20ac<\/td><td class=\"has-text-align-center\" data-align=\"center\"><a href=\"https:\/\/x.com\/nadineb30\">@nadineb30<\/a> (10\u20ac) <a href=\"https:\/\/x.com\/PetitArnaud16\">@PetitArnaud16<\/a> (10\u20ac)<\/td><td class=\"has-text-align-center\" data-align=\"center\">20\u20ac<\/td><td class=\"has-text-align-center\" data-align=\"center\">0\u20ac<\/td><\/tr><tr><td class=\"has-text-align-center\" data-align=\"center\">11\/01\/2026<\/td><td class=\"has-text-align-center\" data-align=\"center\">15\u20ac<\/td><td class=\"has-text-align-center\" data-align=\"center\"><a href=\"https:\/\/x.com\/bertran77207594\">@bertran77207594<\/a> (15\u20ac)<\/td><td class=\"has-text-align-center\" data-align=\"center\">15\u20ac<\/td><td class=\"has-text-align-center\" data-align=\"center\">0\u20ac<\/td><\/tr><tr><td class=\"has-text-align-center\" data-align=\"center\">17\/01\/2026<\/td><td class=\"has-text-align-center\" data-align=\"center\">15\u20ac<\/td><td class=\"has-text-align-center\" data-align=\"center\"><a href=\"https:\/\/x.com\/Ludov861\">@Ludov861<\/a> (15\u20ac)<\/td><td class=\"has-text-align-center\" data-align=\"center\">15\u20ac<\/td><td class=\"has-text-align-center\" data-align=\"center\">0\u20ac<\/td><\/tr><tr><td class=\"has-text-align-center\" data-align=\"center\">18\/01\/2026<\/td><td class=\"has-text-align-center\" data-align=\"center\">15\u20ac<\/td><td class=\"has-text-align-center\" data-align=\"center\"><a href=\"https:\/\/x.com\/CostaAdrien\">@CostaAdrien<\/a> (15\u20ac)<\/td><td class=\"has-text-align-center\" data-align=\"center\">15\u20ac<\/td><td class=\"has-text-align-center\" data-align=\"center\">0\u20ac<\/td><\/tr><tr><td class=\"has-text-align-center\" data-align=\"center\">24\/01\/2026<\/td><td class=\"has-text-align-center\" data-align=\"center\">15\u20ac<\/td><td class=\"has-text-align-center\" data-align=\"center\"><a href=\"https:\/\/x.com\/JpGgoiu\">@JpGgoiu<\/a> (15\u20ac)<\/td><td class=\"has-text-align-center\" data-align=\"center\">15\u20ac<\/td><td class=\"has-text-align-center\" data-align=\"center\">0\u20ac<\/td><\/tr><tr><td class=\"has-text-align-center\" data-align=\"center\">25\/01\/2026<\/td><td class=\"has-text-align-center\" data-align=\"center\">15\u20ac<\/td><td class=\"has-text-align-center\" data-align=\"center\"><a href=\"https:\/\/x.com\/phlaudevie\">@phlaudevie<\/a> (15\u20ac)<\/td><td class=\"has-text-align-center\" data-align=\"center\">15\u20ac<\/td><td class=\"has-text-align-center\" data-align=\"center\">0\u20ac<\/td><\/tr><tr><td class=\"has-text-align-center\" data-align=\"center\">31\/01\/2026<\/td><td class=\"has-text-align-center\" data-align=\"center\">15\u20ac<\/td><td class=\"has-text-align-center\" data-align=\"center\"><a href=\"https:\/\/x.com\/chouchou77320\">@chouchou77320<\/a> (15\u20ac)<\/td><td class=\"has-text-align-center\" data-align=\"center\">15\u20ac<\/td><td class=\"has-text-align-center\" data-align=\"center\">0\u20ac<\/td><\/tr><tr><td class=\"has-text-align-center\" data-align=\"center\">01\/02\/2026<\/td><td class=\"has-text-align-center\" data-align=\"center\">15\u20ac<\/td><td class=\"has-text-align-center\" data-align=\"center\"><a href=\"https:\/\/x.com\/neosimeone\">@neosimeone<\/a> (5\u20ac) @lucsky (5\u20ac)<\/td><td class=\"has-text-align-center\" data-align=\"center\">10\u20ac<\/td><td class=\"has-text-align-center\" data-align=\"center\">5\u20ac<\/td><\/tr><tr><td class=\"has-text-align-center\" data-align=\"center\">07\/02\/2026<\/td><td class=\"has-text-align-center\" data-align=\"center\">20\u20ac<\/td><td class=\"has-text-align-center\" data-align=\"center\"><a href=\"https:\/\/x.com\/racs_am\">@racs_am<\/a> (10\u20ac)<\/td><td class=\"has-text-align-center\" data-align=\"center\">10\u20ac<\/td><td class=\"has-text-align-center\" data-align=\"center\">10\u20ac<\/td><\/tr><tr><td class=\"has-text-align-center\" data-align=\"center\">08\/02\/2026<\/td><td class=\"has-text-align-center\" data-align=\"center\">25\u20ac<\/td><td class=\"has-text-align-center\" data-align=\"center\"><a href=\"https:\/\/x.com\/bertran77207594\">@bertran77207594<\/a> (25\u20ac)<\/td><td class=\"has-text-align-center\" data-align=\"center\">25\u20ac<\/td><td class=\"has-text-align-center\" data-align=\"center\">0\u20ac<\/td><\/tr><tr><td class=\"has-text-align-center\" data-align=\"center\">14\/02\/2026<\/td><td class=\"has-text-align-center\" data-align=\"center\">15\u20ac<\/td><td class=\"has-text-align-center\" data-align=\"center\"><a href=\"https:\/\/x.com\/chgangch\">@chgangch<\/a> (10\u20ac)<\/td><td class=\"has-text-align-center\" data-align=\"center\">10\u20ac<\/td><td class=\"has-text-align-center\" data-align=\"center\">5\u20ac<\/td><\/tr><tr><td class=\"has-text-align-center\" data-align=\"center\">15\/02\/2026<\/td><td class=\"has-text-align-center\" data-align=\"center\">20\u20ac<\/td><td class=\"has-text-align-center\" data-align=\"center\"><a href=\"https:\/\/x.com\/mickbrestois29\">@mickbrestois29<\/a> (20\u20ac)<\/td><td class=\"has-text-align-center\" data-align=\"center\">20\u20ac<\/td><td class=\"has-text-align-center\" data-align=\"center\">0\u20ac<\/td><\/tr><tr><td class=\"has-text-align-center\" data-align=\"center\">21\/02\/2026<\/td><td class=\"has-text-align-center\" data-align=\"center\">15\u20ac<\/td><td class=\"has-text-align-center\" data-align=\"center\"><a href=\"https:\/\/x.com\/zede_david\">@zede_david<\/a> (7,5\u20ac) <a href=\"https:\/\/x.com\/Pascal_Hacman\">@Pascal_Hacman<\/a> (7,5\u20ac)<\/td><td class=\"has-text-align-center\" data-align=\"center\">15\u20ac<\/td><td class=\"has-text-align-center\" data-align=\"center\">0\u20ac<\/td><\/tr><tr><td class=\"has-text-align-center\" data-align=\"center\">22\/02\/2026<\/td><td class=\"has-text-align-center\" data-align=\"center\">15\u20ac<\/td><td class=\"has-text-align-center\" data-align=\"center\"><a href=\"https:\/\/x.com\/thewati33\">@thewati33<\/a> (7,5\u20ac) <a href=\"https:\/\/x.com\/lefebvrefrdric8\">@lefebvrefrdric8<\/a> (7,5\u20ac)<\/td><td class=\"has-text-align-center\" data-align=\"center\">15\u20ac<\/td><td class=\"has-text-align-center\" data-align=\"center\">0\u20ac<\/td><\/tr><tr><td class=\"has-text-align-center\" data-align=\"center\">28\/02\/2026<\/td><td class=\"has-text-align-center\" data-align=\"center\">15\u20ac<\/td><td class=\"has-text-align-center\" data-align=\"center\"><a href=\"https:\/\/x.com\/zede_david\">@zede_david<\/a> (15\u20ac)<\/td><td class=\"has-text-align-center\" data-align=\"center\">15\u20ac<\/td><td class=\"has-text-align-center\" data-align=\"center\">0\u20ac<\/td><\/tr><tr><td class=\"has-text-align-center\" data-align=\"center\">01\/03\/2026<\/td><td class=\"has-text-align-center\" data-align=\"center\">15\u20ac<\/td><td class=\"has-text-align-center\" data-align=\"center\"><a href=\"https:\/\/x.com\/cormicy55\">@cormicy55<\/a> (15\u20ac)<\/td><td class=\"has-text-align-center\" data-align=\"center\">15\u20ac<\/td><td class=\"has-text-align-center\" data-align=\"center\">0\u20ac<\/td><\/tr><tr><td class=\"has-text-align-center\" data-align=\"center\">07\/03\/2026<\/td><td class=\"has-text-align-center\" data-align=\"center\">15\u20ac<\/td><td class=\"has-text-align-center\" data-align=\"center\"><a href=\"https:\/\/x.com\/lefebvrefrdric8\">@lefebvrefrdric8<\/a> (15\u20ac)<\/td><td class=\"has-text-align-center\" data-align=\"center\">15\u20ac<\/td><td class=\"has-text-align-center\" data-align=\"center\">0\u20ac<\/td><\/tr><tr><td class=\"has-text-align-center\" data-align=\"center\">08\/03\/2026<\/td><td class=\"has-text-align-center\" data-align=\"center\">15\u20ac<\/td><td class=\"has-text-align-center\" data-align=\"center\">@lucsky (10\u20ac)<\/td><td class=\"has-text-align-center\" data-align=\"center\">10\u20ac<\/td><td class=\"has-text-align-center\" data-align=\"center\">5\u20ac<\/td><\/tr><tr><td class=\"has-text-align-center\" data-align=\"center\">14\/03\/2026<\/td><td class=\"has-text-align-center\" data-align=\"center\">20\u20ac<\/td><td class=\"has-text-align-center\" data-align=\"center\">Trop de gagnants report\u00e9s au 22\/03 \u00e0 Auteuil<\/td><td class=\"has-text-align-center\" data-align=\"center\">0\u20ac<\/td><td class=\"has-text-align-center\" data-align=\"center\">20\u20ac<\/td><\/tr><tr><td class=\"has-text-align-center\" data-align=\"center\">15\/03\/2026<\/td><td class=\"has-text-align-center\" data-align=\"center\">15\u20ac<\/td><td class=\"has-text-align-center\" data-align=\"center\"><a href=\"https:\/\/x.com\/bertran77207594\">@bertran77207594<\/a> (3,5\u20ac) <a href=\"https:\/\/x.com\/robertjeanluc8\">@robertjeanluc8<\/a> (3,5\u20ac) <a href=\"https:\/\/x.com\/shkhelshah\">@shkhelshah<\/a> (3,5\u20ac)<\/td><td class=\"has-text-align-center\" data-align=\"center\">10,5\u20ac<\/td><td class=\"has-text-align-center\" data-align=\"center\">5\u20ac<\/td><\/tr><tr><td class=\"has-text-align-center\" data-align=\"center\">21\/03\/2026<\/td><td class=\"has-text-align-center\" data-align=\"center\">20\u20ac<\/td><td class=\"has-text-align-center\" data-align=\"center\"><a href=\"https:\/\/x.com\/fredoan14\">@fredoan14<\/a> (20\u20ac)<\/td><td class=\"has-text-align-center\" data-align=\"center\">20\u20ac<\/td><td class=\"has-text-align-center\" data-align=\"center\">0\u20ac<\/td><\/tr><tr><td class=\"has-text-align-center\" data-align=\"center\">22\/03\/2026<\/td><td class=\"has-text-align-center\" data-align=\"center\">35\u20ac<\/td><td class=\"has-text-align-center\" data-align=\"center\"><a href=\"https:\/\/x.com\/cormicy55\">@cormicy55<\/a> (10\u20ac)<\/td><td class=\"has-text-align-center\" data-align=\"center\">10\u20ac<\/td><td class=\"has-text-align-center\" data-align=\"center\">25\u20ac<\/td><\/tr><tr><td class=\"has-text-align-center\" data-align=\"center\">28\/03\/2026<\/td><td class=\"has-text-align-center\" data-align=\"center\">40\u20ac<\/td><td class=\"has-text-align-center\" data-align=\"center\"><a href=\"https:\/\/x.com\/phlaudevie\">@phlaudevie<\/a> (10\u20ac)<\/td><td class=\"has-text-align-center\" data-align=\"center\">10\u20ac<\/td><td class=\"has-text-align-center\" data-align=\"center\">30\u20ac<\/td><\/tr><tr><td class=\"has-text-align-center\" data-align=\"center\">29\/03\/2026<\/td><td class=\"has-text-align-center\" data-align=\"center\">45\u20ac<\/td><td class=\"has-text-align-center\" data-align=\"center\">@lucsky<\/td><td class=\"has-text-align-center\" data-align=\"center\">45\u20ac<\/td><td class=\"has-text-align-center\" data-align=\"center\">0\u20ac<\/td><\/tr><tr><td class=\"has-text-align-center\" data-align=\"center\">04\/04\/2026<\/td><td class=\"has-text-align-center\" data-align=\"center\">15\u20ac<\/td><td class=\"has-text-align-center\" data-align=\"center\"><a href=\"https:\/\/x.com\/chabin0701\">@chabin0701<\/a> (7,5\u20ac) <a href=\"https:\/\/x.com\/racs_am\">@racs_am<\/a> (7,5\u20ac)<\/td><td class=\"has-text-align-center\" data-align=\"center\">15\u20ac<\/td><td class=\"has-text-align-center\" data-align=\"center\">0\u20ac<\/td><\/tr><tr><td class=\"has-text-align-center\" data-align=\"center\">05\/04\/2026<\/td><td class=\"has-text-align-center\" data-align=\"center\">15\u20ac<\/td><td class=\"has-text-align-center\" data-align=\"center\"><a href=\"https:\/\/x.com\/nadineb30\">@nadineb30<\/a> (10\u20ac)<\/td><td class=\"has-text-align-center\" data-align=\"center\">10\u20ac<\/td><td class=\"has-text-align-center\" data-align=\"center\">5\u20ac<\/td><\/tr><tr><td class=\"has-text-align-center\" data-align=\"center\">11\/04\/2026<\/td><td class=\"has-text-align-center\" data-align=\"center\">20\u20ac<\/td><td class=\"has-text-align-center\" data-align=\"center\"><a href=\"https:\/\/x.com\/phlaudevie\">@phlaudevie<\/a> (10\u20ac) <a href=\"https:\/\/x.com\/michel_desprez\">@michel_desprez<\/a> (10\u20ac)<\/td><td class=\"has-text-align-center\" data-align=\"center\">20\u20ac<\/td><td class=\"has-text-align-center\" data-align=\"center\">0\u20ac<\/td><\/tr><tr><td class=\"has-text-align-center\" data-align=\"center\">12\/04\/2026<\/td><td class=\"has-text-align-center\" data-align=\"center\">15\u20ac<\/td><td class=\"has-text-align-center\" data-align=\"center\"><a href=\"https:\/\/x.com\/houchoua\">@houchoua<\/a> (10\u20ac)<\/td><td class=\"has-text-align-center\" data-align=\"center\">10\u20ac<\/td><td class=\"has-text-align-center\" data-align=\"center\">5\u20ac<\/td><\/tr><tr><td class=\"has-text-align-center\" data-align=\"center\">18\/04\/2026<\/td><td class=\"has-text-align-center\" data-align=\"center\">20\u20ac<\/td><td class=\"has-text-align-center\" data-align=\"center\"><a href=\"https:\/\/x.com\/benfauche19\">@benfauche19<\/a> (20\u20ac)<\/td><td class=\"has-text-align-center\" data-align=\"center\">20\u20ac<\/td><td class=\"has-text-align-center\" data-align=\"center\">0\u20ac<\/td><\/tr><tr><td class=\"has-text-align-center\" data-align=\"center\">19\/04\/2026<\/td><td class=\"has-text-align-center\" data-align=\"center\">15\u20ac<\/td><td class=\"has-text-align-center\" data-align=\"center\"><a href=\"https:\/\/x.com\/michel_desprez\">@michel_desprez<\/a> (7,5\u20ac) <a href=\"https:\/\/x.com\/chouchou77320\">@chouchou77320<\/a> (7,5\u20ac)<\/td><td class=\"has-text-align-center\" data-align=\"center\">15\u20ac<\/td><td class=\"has-text-align-center\" data-align=\"center\">0\u20ac<\/td><\/tr><tr><td class=\"has-text-align-center\" data-align=\"center\">25\/04\/2026<\/td><td class=\"has-text-align-center\" data-align=\"center\">15\u20ac<\/td><td class=\"has-text-align-center\" data-align=\"center\"><\/td><td class=\"has-text-align-center\" data-align=\"center\"><\/td><td class=\"has-text-align-center\" data-align=\"center\"><\/td><\/tr><\/tbody><\/table><\/figure>\n\n\n<div class=\"wp-block-image\">\n<figure class=\"aligncenter size-large is-resized\"><img loading=\"lazy\" decoding=\"async\" width=\"1024\" height=\"1024\" src=\"https:\/\/www.lucskyturf.com\/wp-content\/uploads\/2024\/05\/GENYBET_RS_challengeLucskyTurf_Geant_2000x2000-1024x1024.jpg\" alt=\"\" class=\"wp-image-3851\" style=\"width:512px\" srcset=\"https:\/\/www.lucskyturf.com\/wp-content\/uploads\/2024\/05\/GENYBET_RS_challengeLucskyTurf_Geant_2000x2000-1024x1024.jpg 1024w, https:\/\/www.lucskyturf.com\/wp-content\/uploads\/2024\/05\/GENYBET_RS_challengeLucskyTurf_Geant_2000x2000-300x300.jpg 300w, https:\/\/www.lucskyturf.com\/wp-content\/uploads\/2024\/05\/GENYBET_RS_challengeLucskyTurf_Geant_2000x2000-150x150.jpg 150w, https:\/\/www.lucskyturf.com\/wp-content\/uploads\/2024\/05\/GENYBET_RS_challengeLucskyTurf_Geant_2000x2000-768x768.jpg 768w, https:\/\/www.lucskyturf.com\/wp-content\/uploads\/2024\/05\/GENYBET_RS_challengeLucskyTurf_Geant_2000x2000-1536x1536.jpg 1536w, https:\/\/www.lucskyturf.com\/wp-content\/uploads\/2024\/05\/GENYBET_RS_challengeLucskyTurf_Geant_2000x2000.jpg 2000w\" sizes=\"auto, (max-width: 1024px) 100vw, 1024px\" \/><\/figure>\n<\/div>","protected":false},"excerpt":{"rendered":"<p>Ci-dessous un \u00e9tat des gains au challenge G\u00e9ant Notre fichier de suivi des challenges G\u00e9ant est disponible : bientot Date Cagnotte Gagnants Gains Solde 03\/01\/2026 15\u20ac @lucsky (15\u20ac) 15\u20ac 0\u20ac&#8230;<\/p>\n","protected":false},"author":1,"featured_media":0,"parent":0,"menu_order":0,"comment_status":"closed","ping_status":"closed","template":"","meta":{"jetpack_post_was_ever_published":false,"footnotes":""},"class_list":["post-9148","page","type-page","status-publish","hentry"],"jetpack_sharing_enabled":true,"_links":{"self":[{"href":"https:\/\/www.lucskyturf.com\/index.php\/wp-json\/wp\/v2\/pages\/9148","targetHints":{"allow":["GET"]}}],"collection":[{"href":"https:\/\/www.lucskyturf.com\/index.php\/wp-json\/wp\/v2\/pages"}],"about":[{"href":"https:\/\/www.lucskyturf.com\/index.php\/wp-json\/wp\/v2\/types\/page"}],"author":[{"embeddable":true,"href":"https:\/\/www.lucskyturf.com\/index.php\/wp-json\/wp\/v2\/users\/1"}],"replies":[{"embeddable":true,"href":"https:\/\/www.lucskyturf.com\/index.php\/wp-json\/wp\/v2\/comments?post=9148"}],"version-history":[{"count":25,"href":"https:\/\/www.lucskyturf.com\/index.php\/wp-json\/wp\/v2\/pages\/9148\/revisions"}],"predecessor-version":[{"id":9959,"href":"https:\/\/www.lucskyturf.com\/index.php\/wp-json\/wp\/v2\/pages\/9148\/revisions\/9959"}],"wp:attachment":[{"href":"https:\/\/www.lucskyturf.com\/index.php\/wp-json\/wp\/v2\/media?parent=9148"}],"curies":[{"name":"wp","href":"https:\/\/api.w.org\/{rel}","templated":true}]}}