{"id":8365,"date":"2025-10-02T22:01:48","date_gmt":"2025-10-02T20:01:48","guid":{"rendered":"https:\/\/www.lucskyturf.com\/?page_id=8365"},"modified":"2025-10-31T23:34:39","modified_gmt":"2025-10-31T22:34:39","slug":"classement-challenge-montante-octobre-2025","status":"publish","type":"page","link":"https:\/\/www.lucskyturf.com\/index.php\/classement-challenge-montante-octobre-2025\/","title":{"rendered":"Classement Challenge Montante Octobre 2025"},"content":{"rendered":"\n<p>Classement g\u00e9n\u00e9ral apr\u00e8s le dernier jour du mois<\/p>\n\n\n\n<p>Le lien vers notre fichier de suivi : <a href=\"https:\/\/lucskyturf-my.sharepoint.com\/:x:\/p\/christophe\/EU-BccNPJ6NMpOyyjAno1A0BuVQYMlscXVA6APumWsGbhg?e=QdrTtI\">ici<\/a><\/p>\n\n\n\n<p>A partir du 24\u00e8me jour du mois, un petit signe apparaitra dans la colonne de droite qui vous signalera si vous \u00eates \u00e9ligible au bonus&nbsp;<a href=\"https:\/\/twitter.com\/hashtag\/Genybet?src=hashtag_click\">#Genybet<\/a><\/p>\n\n\n\n<ul class=\"wp-block-list\">\n<li>Coche verte : Le minimum des 24 chevaux a \u00e9t\u00e9 atteint<\/li>\n\n\n\n<li>Point d\u2019exclamation jaune : Entre 20 et 23 chevaux propos\u00e9s<\/li>\n\n\n\n<li>Croix Rouge : Moins de 18 chevaux propos\u00e9s<\/li>\n<\/ul>\n\n\n\n<p>Petit rappel en cas d\u2019erreur de num\u00e9ro si le nom du cheval est cit\u00e9 il devient prioritaire sur le num\u00e9ro indiqu\u00e9.<\/p>\n\n\n<div class=\"wp-block-image\">\n<figure class=\"aligncenter size-large\"><img loading=\"lazy\" decoding=\"async\" width=\"287\" height=\"1024\" src=\"https:\/\/www.lucskyturf.com\/wp-content\/uploads\/2025\/10\/image-3-20251031-223431-287x1024.png\" alt=\"\" class=\"wp-image-8619\" srcset=\"https:\/\/www.lucskyturf.com\/wp-content\/uploads\/2025\/10\/image-3-20251031-223431-287x1024.png 287w, https:\/\/www.lucskyturf.com\/wp-content\/uploads\/2025\/10\/image-3-20251031-223431-84x300.png 84w, https:\/\/www.lucskyturf.com\/wp-content\/uploads\/2025\/10\/image-3-20251031-223431.png 312w\" sizes=\"auto, (max-width: 287px) 100vw, 287px\" \/><\/figure>\n<\/div>","protected":false},"excerpt":{"rendered":"<p>Classement g\u00e9n\u00e9ral apr\u00e8s le dernier jour du mois Le lien vers notre fichier de suivi : ici A partir du 24\u00e8me jour du mois, un petit signe apparaitra dans la&#8230;<\/p>\n","protected":false},"author":1,"featured_media":0,"parent":0,"menu_order":0,"comment_status":"closed","ping_status":"closed","template":"","meta":{"jetpack_post_was_ever_published":false,"footnotes":""},"class_list":["post-8365","page","type-page","status-publish","hentry"],"jetpack_sharing_enabled":true,"_links":{"self":[{"href":"https:\/\/www.lucskyturf.com\/index.php\/wp-json\/wp\/v2\/pages\/8365","targetHints":{"allow":["GET"]}}],"collection":[{"href":"https:\/\/www.lucskyturf.com\/index.php\/wp-json\/wp\/v2\/pages"}],"about":[{"href":"https:\/\/www.lucskyturf.com\/index.php\/wp-json\/wp\/v2\/types\/page"}],"author":[{"embeddable":true,"href":"https:\/\/www.lucskyturf.com\/index.php\/wp-json\/wp\/v2\/users\/1"}],"replies":[{"embeddable":true,"href":"https:\/\/www.lucskyturf.com\/index.php\/wp-json\/wp\/v2\/comments?post=8365"}],"version-history":[{"count":30,"href":"https:\/\/www.lucskyturf.com\/index.php\/wp-json\/wp\/v2\/pages\/8365\/revisions"}],"predecessor-version":[{"id":8620,"href":"https:\/\/www.lucskyturf.com\/index.php\/wp-json\/wp\/v2\/pages\/8365\/revisions\/8620"}],"wp:attachment":[{"href":"https:\/\/www.lucskyturf.com\/index.php\/wp-json\/wp\/v2\/media?parent=8365"}],"curies":[{"name":"wp","href":"https:\/\/api.w.org\/{rel}","templated":true}]}}