{"id":7990,"date":"2025-09-02T19:39:55","date_gmt":"2025-09-02T17:39:55","guid":{"rendered":"https:\/\/www.lucskyturf.com\/?page_id=7990"},"modified":"2025-09-02T19:39:55","modified_gmt":"2025-09-02T17:39:55","slug":"7990-2","status":"publish","type":"page","link":"https:\/\/www.lucskyturf.com\/index.php\/7990-2\/","title":{"rendered":""},"content":{"rendered":"<div class=\"wp-block-image\">\n<figure class=\"aligncenter size-full\"><img loading=\"lazy\" decoding=\"async\" width=\"252\" height=\"63\" src=\"https:\/\/www.lucskyturf.com\/wp-content\/uploads\/2025\/08\/image-2-20250826-145033.png\" alt=\"\" class=\"wp-image-7992\"\/><\/figure>\n<\/div>\n\n\n<p>Le logiciel Trotstats est \u00e9dit\u00e9 par la soci\u00e9t\u00e9 Dataturf et vous donne acc\u00e8s \u00e0 une base de donn\u00e9e tr\u00e8s compl\u00e8te sur les courses de trotteurs en France.<\/p>\n\n\n\n<p>De base l&rsquo;outil vous propose des synth\u00e8ses de jeu turf pour chaque course de trot, en utilisant une collection compl\u00e8te de pronostics enregistr\u00e9s. D\u00e9couvrez facilement les points forts et les points faibles des partants pour am\u00e9liorer vos paris hippiques.<\/p>\n\n\n\n<p>Offrez-vous une vue d\u2019ensemble claire et facile \u00e0 lire pour rep\u00e9rer rapidement les trotteurs aux performances, chances et caract\u00e9ristiques les plus favorables.<\/p>\n\n\n\n<p>D\u00e9nicher les trotteurs aux engagements id\u00e9aux. Aptitude au terrain, cat\u00e9gorie de course, distance, corde et plus encore sont disponibles en quelques clics. Une vision 360\u00b0 des courses PMU !<\/p>\n\n\n\n<p><strong>L&rsquo;avantage de l&rsquo;outil c&rsquo;est que vous n&rsquo;\u00eates pas tributaire des choix \u00e9ditoriaux des cr\u00e9ateurs mais vous pouvez vous m\u00eame cr\u00e9er vos propres filtres<\/strong>.<\/p>\n\n\n\n<p>La base comporte plus de 29700 courses avec plus de 387000 partants.<\/p>\n\n\n<div class=\"wp-block-image\">\n<figure class=\"aligncenter size-full\"><img loading=\"lazy\" decoding=\"async\" width=\"577\" height=\"335\" src=\"https:\/\/www.lucskyturf.com\/wp-content\/uploads\/2025\/09\/image-7.png\" alt=\"\" class=\"wp-image-8059\" srcset=\"https:\/\/www.lucskyturf.com\/wp-content\/uploads\/2025\/09\/image-7.png 577w, https:\/\/www.lucskyturf.com\/wp-content\/uploads\/2025\/09\/image-7-300x174.png 300w\" sizes=\"auto, (max-width: 577px) 100vw, 577px\" \/><\/figure>\n<\/div>\n\n\n<p>Un manuel au format pdf est disponible \u00e0 cette <a href=\"https:\/\/dataturf.fr\/doc\/dataturf_documentation.pdf\">adresse<\/a><\/p>\n\n\n\n<p>Et une chaine Youtube avec des tutos explicatifs est en ligne <a href=\"https:\/\/www.youtube.com\/@dataturf3780\">ici<\/a><\/p>\n\n\n\n<p>Des nouvelles fonctionnalit\u00e9s sont ajout\u00e9es au fur et \u00e0 mesure des \u00e9volutions.<\/p>\n\n\n\n<p>Alors faites comme moi et n&rsquo;h\u00e9sitez pas a tester ce site tr\u00e8s complet en cliquant <a href=\"https:\/\/trotstats.fr\/\">ici<\/a><\/p>\n\n\n\n<p>L&rsquo;acc\u00e8s au site est payant pour une somme dans la version Premium Plus de 99\u20ac \/ an soit moins de 30 centimes par jour, autant vous le savez je ne suis pas fan des site VIP payant pour des pronos autant un outil qui vous aide \u00e0 faire vous m\u00eame votre pronostic je trouve que \u00e7a a du sens et comme dit le vieux proverbe chinois : <\/p>\n\n\n\n<blockquote class=\"wp-block-quote is-layout-flow wp-block-quote-is-layout-flow\">\n<p>Si tu donnes un poisson a un affam\u00e9, tu l&rsquo;aides pour une journ\u00e9e, mais si tu lui apprends \u00e0 p\u00eacher, tu l&rsquo;aides pour toute sa vie. <\/p>\n<\/blockquote>\n\n\n\n<p><\/p>\n","protected":false},"excerpt":{"rendered":"<p>Le logiciel Trotstats est \u00e9dit\u00e9 par la soci\u00e9t\u00e9 Dataturf et vous donne acc\u00e8s \u00e0 une base de donn\u00e9e tr\u00e8s compl\u00e8te sur les courses de trotteurs en France. De base l&rsquo;outil&#8230;<\/p>\n","protected":false},"author":1,"featured_media":0,"parent":0,"menu_order":0,"comment_status":"closed","ping_status":"closed","template":"","meta":{"jetpack_post_was_ever_published":false,"footnotes":""},"class_list":["post-7990","page","type-page","status-publish","hentry"],"jetpack_sharing_enabled":true,"_links":{"self":[{"href":"https:\/\/www.lucskyturf.com\/index.php\/wp-json\/wp\/v2\/pages\/7990","targetHints":{"allow":["GET"]}}],"collection":[{"href":"https:\/\/www.lucskyturf.com\/index.php\/wp-json\/wp\/v2\/pages"}],"about":[{"href":"https:\/\/www.lucskyturf.com\/index.php\/wp-json\/wp\/v2\/types\/page"}],"author":[{"embeddable":true,"href":"https:\/\/www.lucskyturf.com\/index.php\/wp-json\/wp\/v2\/users\/1"}],"replies":[{"embeddable":true,"href":"https:\/\/www.lucskyturf.com\/index.php\/wp-json\/wp\/v2\/comments?post=7990"}],"version-history":[{"count":4,"href":"https:\/\/www.lucskyturf.com\/index.php\/wp-json\/wp\/v2\/pages\/7990\/revisions"}],"predecessor-version":[{"id":8062,"href":"https:\/\/www.lucskyturf.com\/index.php\/wp-json\/wp\/v2\/pages\/7990\/revisions\/8062"}],"wp:attachment":[{"href":"https:\/\/www.lucskyturf.com\/index.php\/wp-json\/wp\/v2\/media?parent=7990"}],"curies":[{"name":"wp","href":"https:\/\/api.w.org\/{rel}","templated":true}]}}