{"id":6991,"date":"2025-05-01T15:31:01","date_gmt":"2025-05-01T13:31:01","guid":{"rendered":"https:\/\/www.lucskyturf.com\/?page_id=6991"},"modified":"2025-05-31T16:24:40","modified_gmt":"2025-05-31T14:24:40","slug":"classement-challenge-montante-mai-2025","status":"publish","type":"page","link":"https:\/\/www.lucskyturf.com\/index.php\/classement-challenge-montante-mai-2025\/","title":{"rendered":"Classement Challenge Montante Mai 2025"},"content":{"rendered":"\n<p>Classement g\u00e9n\u00e9ral Final apr\u00e8s le 31\u00e8me jour du mois<\/p>\n\n\n\n<p>Le lien vers notre fichier de suivi : <a href=\"https:\/\/lucskyturf-my.sharepoint.com\/:x:\/p\/christophe\/EV27uvyvtu9Dv6uxBrMu8KkBCjGYAtyqf7QukWuGqjIcLA?e=8yKCDf\" data-type=\"link\" data-id=\"https:\/\/lucskyturf-my.sharepoint.com\/:x:\/p\/christophe\/EV27uvyvtu9Dv6uxBrMu8KkBCjGYAtyqf7QukWuGqjIcLA?e=8yKCDf\">ici<\/a><\/p>\n\n\n\n<p>A partir du 24\u00e8me jour du mois, un petit signe apparaitra dans la colonne de droite qui vous signalera si vous \u00eates \u00e9ligible au bonus&nbsp;<a href=\"https:\/\/twitter.com\/hashtag\/Genybet?src=hashtag_click\">#Genybet<\/a><\/p>\n\n\n\n<ul class=\"wp-block-list\">\n<li>Coche verte : Le minimum des 24 chevaux a \u00e9t\u00e9 atteint<\/li>\n\n\n\n<li>Point d\u2019exclamation jaune : Entre 20 et 23 chevaux propos\u00e9s<\/li>\n\n\n\n<li>Croix Rouge : Moins de 18 chevaux propos\u00e9s<\/li>\n<\/ul>\n\n\n\n<p>Petit rappel en cas d\u2019erreur de num\u00e9ro si le nom du cheval est cit\u00e9 il devient prioritaire sur le num\u00e9ro indiqu\u00e9.<\/p>\n\n\n<div class=\"wp-block-image\">\n<figure class=\"aligncenter size-full\"><img loading=\"lazy\" decoding=\"async\" width=\"319\" height=\"941\" src=\"https:\/\/www.lucskyturf.com\/wp-content\/uploads\/2025\/05\/image-20250531-142435.png\" alt=\"\" class=\"wp-image-7244\" srcset=\"https:\/\/www.lucskyturf.com\/wp-content\/uploads\/2025\/05\/image-20250531-142435.png 319w, https:\/\/www.lucskyturf.com\/wp-content\/uploads\/2025\/05\/image-20250531-142435-102x300.png 102w\" sizes=\"auto, (max-width: 319px) 100vw, 319px\" \/><\/figure>\n<\/div>","protected":false},"excerpt":{"rendered":"<p>Classement g\u00e9n\u00e9ral Final apr\u00e8s le 31\u00e8me jour du mois Le lien vers notre fichier de suivi : ici A partir du 24\u00e8me jour du mois, un petit signe apparaitra dans&#8230;<\/p>\n","protected":false},"author":1,"featured_media":0,"parent":0,"menu_order":0,"comment_status":"closed","ping_status":"closed","template":"","meta":{"jetpack_post_was_ever_published":false,"footnotes":""},"class_list":["post-6991","page","type-page","status-publish","hentry"],"jetpack_sharing_enabled":true,"_links":{"self":[{"href":"https:\/\/www.lucskyturf.com\/index.php\/wp-json\/wp\/v2\/pages\/6991","targetHints":{"allow":["GET"]}}],"collection":[{"href":"https:\/\/www.lucskyturf.com\/index.php\/wp-json\/wp\/v2\/pages"}],"about":[{"href":"https:\/\/www.lucskyturf.com\/index.php\/wp-json\/wp\/v2\/types\/page"}],"author":[{"embeddable":true,"href":"https:\/\/www.lucskyturf.com\/index.php\/wp-json\/wp\/v2\/users\/1"}],"replies":[{"embeddable":true,"href":"https:\/\/www.lucskyturf.com\/index.php\/wp-json\/wp\/v2\/comments?post=6991"}],"version-history":[{"count":34,"href":"https:\/\/www.lucskyturf.com\/index.php\/wp-json\/wp\/v2\/pages\/6991\/revisions"}],"predecessor-version":[{"id":7245,"href":"https:\/\/www.lucskyturf.com\/index.php\/wp-json\/wp\/v2\/pages\/6991\/revisions\/7245"}],"wp:attachment":[{"href":"https:\/\/www.lucskyturf.com\/index.php\/wp-json\/wp\/v2\/media?parent=6991"}],"curies":[{"name":"wp","href":"https:\/\/api.w.org\/{rel}","templated":true}]}}