{"id":5638,"date":"2024-12-01T18:09:21","date_gmt":"2024-12-01T17:09:21","guid":{"rendered":"https:\/\/www.lucskyturf.com\/?page_id=5638"},"modified":"2024-12-31T15:49:29","modified_gmt":"2024-12-31T14:49:29","slug":"classement-challenge-montante-decembre","status":"publish","type":"page","link":"https:\/\/www.lucskyturf.com\/index.php\/classement-challenge-montante-decembre\/","title":{"rendered":"Classement Challenge Montante D\u00e9cembre"},"content":{"rendered":"\n<p>Classement du mois de d\u00e9cembre apr\u00e8s le dernier jour du mois<\/p>\n\n\n\n<p>Le lien vers notre fichier de suivi : <a href=\"https:\/\/lucskyturf-my.sharepoint.com\/:x:\/p\/christophe\/EQO44CSrDhVMtryJX01_95MBqE1WNk8p7bfv7LwQalqAkw?e=6Rcdtd\" data-type=\"link\" data-id=\"https:\/\/lucskyturf-my.sharepoint.com\/:x:\/p\/christophe\/EQO44CSrDhVMtryJX01_95MBqE1WNk8p7bfv7LwQalqAkw?e=6Rcdtd\">ici<\/a><\/p>\n\n\n\n<p>A partir du 20\u00e8me jour du mois, un petit signe apparaitra dans la colonne de droite qui vous signalera si vous \u00eates \u00e9ligible au bonus&nbsp;<a href=\"https:\/\/twitter.com\/hashtag\/Genybet?src=hashtag_click\">#Genybet<\/a><\/p>\n\n\n\n<ul class=\"wp-block-list\">\n<li>Coche verte : Le minimum des 20 chevaux a \u00e9t\u00e9 atteint<\/li>\n\n\n\n<li>Point d\u2019exclamation jaune : Entre 15 et 19 chevaux propos\u00e9s<\/li>\n\n\n\n<li>Croix Rouge : Moins de 15 chevaux propos\u00e9s<\/li>\n<\/ul>\n\n\n\n<p>Petit rappel en cas d\u2019erreur de num\u00e9ro si le nom du cheval est cit\u00e9 il devient prioritaire sur le num\u00e9ro indiqu\u00e9.<\/p>\n\n\n<div class=\"wp-block-image is-style-zoooom\">\n<figure class=\"aligncenter size-full\"><img loading=\"lazy\" decoding=\"async\" width=\"272\" height=\"887\" src=\"https:\/\/www.lucskyturf.com\/wp-content\/uploads\/2024\/12\/image-20241231-144912.png\" alt=\"\" class=\"wp-image-5899\" srcset=\"https:\/\/www.lucskyturf.com\/wp-content\/uploads\/2024\/12\/image-20241231-144912.png 272w, https:\/\/www.lucskyturf.com\/wp-content\/uploads\/2024\/12\/image-20241231-144912-92x300.png 92w\" sizes=\"auto, (max-width: 272px) 100vw, 272px\" \/><\/figure>\n<\/div>","protected":false},"excerpt":{"rendered":"<p>Classement du mois de d\u00e9cembre apr\u00e8s le dernier jour du mois Le lien vers notre fichier de suivi : ici A partir du 20\u00e8me jour du mois, un petit signe&#8230;<\/p>\n","protected":false},"author":1,"featured_media":0,"parent":0,"menu_order":0,"comment_status":"closed","ping_status":"closed","template":"","meta":{"jetpack_post_was_ever_published":false,"footnotes":""},"class_list":["post-5638","page","type-page","status-publish","hentry"],"jetpack_sharing_enabled":true,"_links":{"self":[{"href":"https:\/\/www.lucskyturf.com\/index.php\/wp-json\/wp\/v2\/pages\/5638","targetHints":{"allow":["GET"]}}],"collection":[{"href":"https:\/\/www.lucskyturf.com\/index.php\/wp-json\/wp\/v2\/pages"}],"about":[{"href":"https:\/\/www.lucskyturf.com\/index.php\/wp-json\/wp\/v2\/types\/page"}],"author":[{"embeddable":true,"href":"https:\/\/www.lucskyturf.com\/index.php\/wp-json\/wp\/v2\/users\/1"}],"replies":[{"embeddable":true,"href":"https:\/\/www.lucskyturf.com\/index.php\/wp-json\/wp\/v2\/comments?post=5638"}],"version-history":[{"count":33,"href":"https:\/\/www.lucskyturf.com\/index.php\/wp-json\/wp\/v2\/pages\/5638\/revisions"}],"predecessor-version":[{"id":5900,"href":"https:\/\/www.lucskyturf.com\/index.php\/wp-json\/wp\/v2\/pages\/5638\/revisions\/5900"}],"wp:attachment":[{"href":"https:\/\/www.lucskyturf.com\/index.php\/wp-json\/wp\/v2\/media?parent=5638"}],"curies":[{"name":"wp","href":"https:\/\/api.w.org\/{rel}","templated":true}]}}