{"id":5088,"date":"2024-10-01T18:56:11","date_gmt":"2024-10-01T16:56:11","guid":{"rendered":"https:\/\/www.lucskyturf.com\/?page_id=5088"},"modified":"2024-10-31T17:54:02","modified_gmt":"2024-10-31T16:54:02","slug":"classement-challenge-montante-octobre","status":"publish","type":"page","link":"https:\/\/www.lucskyturf.com\/index.php\/classement-challenge-montante-octobre\/","title":{"rendered":"Classement Challenge Montante Octobre"},"content":{"rendered":"\n<p>Classement final du mois d&rsquo;octobre apr\u00e8s la derni\u00e8re journ\u00e9e<\/p>\n\n\n\n<p>Le lien vers notre fichier de suivi : <a href=\"https:\/\/lucskyturf-my.sharepoint.com\/:x:\/p\/christophe\/EXu1Z8SG3chPhKAVM8VQs3MBY3mgZbQ1pXWlY3Pb3NVoHg?e=SDWvYx\" data-type=\"link\" data-id=\"https:\/\/lucskyturf-my.sharepoint.com\/:x:\/p\/christophe\/EXu1Z8SG3chPhKAVM8VQs3MBY3mgZbQ1pXWlY3Pb3NVoHg?e=SDWvYx\">ici<\/a><\/p>\n\n\n\n<p>A partir du 20\u00e8me jour du mois, un petit signe apparaitra dans la colonne de droite qui vous signalera si vous \u00eates \u00e9ligible au bonus&nbsp;<a href=\"https:\/\/twitter.com\/hashtag\/Genybet?src=hashtag_click\">#Genybet<\/a><\/p>\n\n\n\n<ul class=\"wp-block-list\">\n<li>Coche verte : Le minimum des 20 chevaux a \u00e9t\u00e9 atteint<\/li>\n\n\n\n<li>Point d\u2019exclamation jaune : Entre 15 et 19 chevaux propos\u00e9s<\/li>\n\n\n\n<li>Croix Rouge : Moins de 15 chevaux propos\u00e9s<\/li>\n<\/ul>\n\n\n\n<p>Petit rappel en cas d\u2019erreur de num\u00e9ro si le nom du cheval est cit\u00e9 il devient prioritaire sur le num\u00e9ro indiqu\u00e9.<\/p>\n\n\n<div class=\"wp-block-image is-style-zoooom\">\n<figure class=\"aligncenter size-large\"><img loading=\"lazy\" decoding=\"async\" width=\"256\" height=\"1024\" src=\"https:\/\/www.lucskyturf.com\/wp-content\/uploads\/2024\/10\/image-2-20241031-165344-256x1024.png\" alt=\"\" class=\"wp-image-5327\" srcset=\"https:\/\/www.lucskyturf.com\/wp-content\/uploads\/2024\/10\/image-2-20241031-165344-256x1024.png 256w, https:\/\/www.lucskyturf.com\/wp-content\/uploads\/2024\/10\/image-2-20241031-165344-75x300.png 75w, https:\/\/www.lucskyturf.com\/wp-content\/uploads\/2024\/10\/image-2-20241031-165344.png 264w\" sizes=\"auto, (max-width: 256px) 100vw, 256px\" \/><\/figure>\n<\/div>","protected":false},"excerpt":{"rendered":"<p>Classement final du mois d&rsquo;octobre apr\u00e8s la derni\u00e8re journ\u00e9e Le lien vers notre fichier de suivi : ici A partir du 20\u00e8me jour du mois, un petit signe apparaitra dans&#8230;<\/p>\n","protected":false},"author":1,"featured_media":0,"parent":0,"menu_order":0,"comment_status":"closed","ping_status":"closed","template":"","meta":{"jetpack_post_was_ever_published":false,"footnotes":""},"class_list":["post-5088","page","type-page","status-publish","hentry"],"jetpack_sharing_enabled":true,"_links":{"self":[{"href":"https:\/\/www.lucskyturf.com\/index.php\/wp-json\/wp\/v2\/pages\/5088","targetHints":{"allow":["GET"]}}],"collection":[{"href":"https:\/\/www.lucskyturf.com\/index.php\/wp-json\/wp\/v2\/pages"}],"about":[{"href":"https:\/\/www.lucskyturf.com\/index.php\/wp-json\/wp\/v2\/types\/page"}],"author":[{"embeddable":true,"href":"https:\/\/www.lucskyturf.com\/index.php\/wp-json\/wp\/v2\/users\/1"}],"replies":[{"embeddable":true,"href":"https:\/\/www.lucskyturf.com\/index.php\/wp-json\/wp\/v2\/comments?post=5088"}],"version-history":[{"count":30,"href":"https:\/\/www.lucskyturf.com\/index.php\/wp-json\/wp\/v2\/pages\/5088\/revisions"}],"predecessor-version":[{"id":5328,"href":"https:\/\/www.lucskyturf.com\/index.php\/wp-json\/wp\/v2\/pages\/5088\/revisions\/5328"}],"wp:attachment":[{"href":"https:\/\/www.lucskyturf.com\/index.php\/wp-json\/wp\/v2\/media?parent=5088"}],"curies":[{"name":"wp","href":"https:\/\/api.w.org\/{rel}","templated":true}]}}