{"id":4857,"date":"2024-08-31T18:47:56","date_gmt":"2024-08-31T16:47:56","guid":{"rendered":"https:\/\/www.lucskyturf.com\/?page_id=4857"},"modified":"2024-09-30T14:11:41","modified_gmt":"2024-09-30T12:11:41","slug":"classement-challenge-montante-septembre","status":"publish","type":"page","link":"https:\/\/www.lucskyturf.com\/index.php\/classement-challenge-montante-septembre\/","title":{"rendered":"Classement Challenge Montante Septembre"},"content":{"rendered":"\n<p>Classement final du mois de septembre<\/p>\n\n\n\n<p>Le lien vers notre fichier de suivi : <a href=\"https:\/\/lucskyturf-my.sharepoint.com\/:x:\/p\/christophe\/EYV9NpnrznJNhnH2SbeVHMcBx4zDMv8UoQHWru4TGqb5Jg?e=LEELdo\" data-type=\"link\" data-id=\"https:\/\/lucskyturf-my.sharepoint.com\/:x:\/p\/christophe\/EYV9NpnrznJNhnH2SbeVHMcBx4zDMv8UoQHWru4TGqb5Jg?e=LEELdo\">ici<\/a><\/p>\n\n\n\n<p>A partir du 20\u00e8me jour du mois, un petit signe apparaitra dans la colonne de droite qui vous signalera si vous \u00eates \u00e9ligible au bonus&nbsp;<a href=\"https:\/\/twitter.com\/hashtag\/Genybet?src=hashtag_click\">#Genybet<\/a><\/p>\n\n\n\n<ul class=\"wp-block-list\">\n<li>Coche verte : Le minimum des 20 chevaux a \u00e9t\u00e9 atteint<\/li>\n\n\n\n<li>Point d\u2019exclamation jaune : Entre 15 et 19 chevaux propos\u00e9s<\/li>\n\n\n\n<li>Croix Rouge : Moins de 15 chevaux propos\u00e9s<\/li>\n<\/ul>\n\n\n\n<p>Petit rappel en cas d\u2019erreur de num\u00e9ro si le nom du cheval est cit\u00e9 il devient prioritaire sur le num\u00e9ro indiqu\u00e9.<\/p>\n\n\n<div class=\"wp-block-image\">\n<figure class=\"aligncenter size-full\"><img loading=\"lazy\" decoding=\"async\" width=\"264\" height=\"937\" src=\"https:\/\/www.lucskyturf.com\/wp-content\/uploads\/2024\/09\/image-2-20240930-121114.png\" alt=\"\" class=\"wp-image-5081\"\/><\/figure>\n<\/div>\n\n\n<p><\/p>\n","protected":false},"excerpt":{"rendered":"<p>Classement final du mois de septembre Le lien vers notre fichier de suivi : ici A partir du 20\u00e8me jour du mois, un petit signe apparaitra dans la colonne de&#8230;<\/p>\n","protected":false},"author":1,"featured_media":0,"parent":0,"menu_order":0,"comment_status":"closed","ping_status":"closed","template":"","meta":{"jetpack_post_was_ever_published":false,"footnotes":""},"class_list":["post-4857","page","type-page","status-publish","hentry"],"jetpack_sharing_enabled":true,"_links":{"self":[{"href":"https:\/\/www.lucskyturf.com\/index.php\/wp-json\/wp\/v2\/pages\/4857","targetHints":{"allow":["GET"]}}],"collection":[{"href":"https:\/\/www.lucskyturf.com\/index.php\/wp-json\/wp\/v2\/pages"}],"about":[{"href":"https:\/\/www.lucskyturf.com\/index.php\/wp-json\/wp\/v2\/types\/page"}],"author":[{"embeddable":true,"href":"https:\/\/www.lucskyturf.com\/index.php\/wp-json\/wp\/v2\/users\/1"}],"replies":[{"embeddable":true,"href":"https:\/\/www.lucskyturf.com\/index.php\/wp-json\/wp\/v2\/comments?post=4857"}],"version-history":[{"count":29,"href":"https:\/\/www.lucskyturf.com\/index.php\/wp-json\/wp\/v2\/pages\/4857\/revisions"}],"predecessor-version":[{"id":5083,"href":"https:\/\/www.lucskyturf.com\/index.php\/wp-json\/wp\/v2\/pages\/4857\/revisions\/5083"}],"wp:attachment":[{"href":"https:\/\/www.lucskyturf.com\/index.php\/wp-json\/wp\/v2\/media?parent=4857"}],"curies":[{"name":"wp","href":"https:\/\/api.w.org\/{rel}","templated":true}]}}