{"id":4240,"date":"2024-06-02T16:42:22","date_gmt":"2024-06-02T14:42:22","guid":{"rendered":"https:\/\/www.lucskyturf.com\/?page_id=4240"},"modified":"2024-06-30T23:05:21","modified_gmt":"2024-06-30T21:05:21","slug":"classement-challenge-montante-juin","status":"publish","type":"page","link":"https:\/\/www.lucskyturf.com\/index.php\/classement-challenge-montante-juin\/","title":{"rendered":"Classement Challenge Montante Juin"},"content":{"rendered":"\n<h3 class=\"wp-block-heading has-text-align-center\">Classement Final de Juin 2024<\/h3>\n\n\n\n<p>Le lien vers notre fichier de suivi:&nbsp;<a href=\"https:\/\/lucskyturf-my.sharepoint.com\/:x:\/p\/christophe\/Efwfgfyiua9GhVuSR9sVl-gBX1KzOIPb5WSm94xYHlIqqA?e=PcMV5O\" data-type=\"link\" data-id=\"https:\/\/lucskyturf-my.sharepoint.com\/:x:\/p\/christophe\/Ee013m1ZZWRNsxo4Rj1_hnoB59WK4Lx6uh3QH6DGMN7JTQ?e=dDgxXN\">ici<\/a><\/p>\n\n\n\n<p>A partir du 20\u00e8me jour du mois, un petit signe apparaitra dans la colonne de droite qui vous signalera si vous \u00eates \u00e9ligible au bonus&nbsp;<a href=\"https:\/\/twitter.com\/hashtag\/Genybet?src=hashtag_click\">#Genybet<\/a><\/p>\n\n\n\n<ul class=\"wp-block-list\">\n<li>Coche verte : Le minimum des 20 chevaux a \u00e9t\u00e9 atteint<\/li>\n\n\n\n<li>Point d\u2019exclamation jaune : Entre 15 et 19 chevaux propos\u00e9s<\/li>\n\n\n\n<li>Croix Rouge : Moins de 15 chevaux propos\u00e9s<\/li>\n<\/ul>\n\n\n\n<p>Petit rappel en cas d\u2019erreur de num\u00e9ro si le nom du cheval est cit\u00e9 il devient prioritaire sur le num\u00e9ro indiqu\u00e9.<\/p>\n\n\n<div class=\"wp-block-image is-style-zoooom\">\n<figure class=\"aligncenter size-large\"><img loading=\"lazy\" decoding=\"async\" width=\"244\" height=\"1024\" src=\"https:\/\/www.lucskyturf.com\/wp-content\/uploads\/2024\/06\/image-114-244x1024.png\" alt=\"\" class=\"wp-image-4553\" srcset=\"https:\/\/www.lucskyturf.com\/wp-content\/uploads\/2024\/06\/image-114-244x1024.png 244w, https:\/\/www.lucskyturf.com\/wp-content\/uploads\/2024\/06\/image-114.png 272w\" sizes=\"auto, (max-width: 244px) 100vw, 244px\" \/><\/figure>\n<\/div>","protected":false},"excerpt":{"rendered":"<p>Classement Final de Juin 2024 Le lien vers notre fichier de suivi:&nbsp;ici A partir du 20\u00e8me jour du mois, un petit signe apparaitra dans la colonne de droite qui vous&#8230;<\/p>\n","protected":false},"author":1,"featured_media":0,"parent":0,"menu_order":0,"comment_status":"closed","ping_status":"closed","template":"","meta":{"jetpack_post_was_ever_published":false,"footnotes":""},"class_list":["post-4240","page","type-page","status-publish","hentry"],"jetpack_sharing_enabled":true,"_links":{"self":[{"href":"https:\/\/www.lucskyturf.com\/index.php\/wp-json\/wp\/v2\/pages\/4240","targetHints":{"allow":["GET"]}}],"collection":[{"href":"https:\/\/www.lucskyturf.com\/index.php\/wp-json\/wp\/v2\/pages"}],"about":[{"href":"https:\/\/www.lucskyturf.com\/index.php\/wp-json\/wp\/v2\/types\/page"}],"author":[{"embeddable":true,"href":"https:\/\/www.lucskyturf.com\/index.php\/wp-json\/wp\/v2\/users\/1"}],"replies":[{"embeddable":true,"href":"https:\/\/www.lucskyturf.com\/index.php\/wp-json\/wp\/v2\/comments?post=4240"}],"version-history":[{"count":35,"href":"https:\/\/www.lucskyturf.com\/index.php\/wp-json\/wp\/v2\/pages\/4240\/revisions"}],"predecessor-version":[{"id":4554,"href":"https:\/\/www.lucskyturf.com\/index.php\/wp-json\/wp\/v2\/pages\/4240\/revisions\/4554"}],"wp:attachment":[{"href":"https:\/\/www.lucskyturf.com\/index.php\/wp-json\/wp\/v2\/media?parent=4240"}],"curies":[{"name":"wp","href":"https:\/\/api.w.org\/{rel}","templated":true}]}}