{"id":3805,"date":"2024-04-27T20:26:46","date_gmt":"2024-04-27T18:26:46","guid":{"rendered":"http:\/\/www.lucskyturf.com\/?page_id=3805"},"modified":"2025-10-04T17:55:08","modified_gmt":"2025-10-04T15:55:08","slug":"challenge-geant","status":"publish","type":"page","link":"https:\/\/www.lucskyturf.com\/index.php\/challenge-geant\/","title":{"rendered":"Challenge G\u00e9ant"},"content":{"rendered":"<div class=\"wp-block-image\">\n<figure class=\"aligncenter size-full\"><img loading=\"lazy\" decoding=\"async\" width=\"455\" height=\"180\" src=\"https:\/\/www.lucskyturf.com\/wp-content\/uploads\/2024\/04\/image-122.png\" alt=\"\" class=\"wp-image-3806\" srcset=\"https:\/\/www.lucskyturf.com\/wp-content\/uploads\/2024\/04\/image-122.png 455w, https:\/\/www.lucskyturf.com\/wp-content\/uploads\/2024\/04\/image-122-300x119.png 300w\" sizes=\"auto, (max-width: 455px) 100vw, 455px\" \/><\/figure>\n<\/div>\n\n\n<h3 class=\"wp-block-heading\">Le samedi 4 mai 2024 en partenariat avec Genybet nous lan\u00e7ons le Challenge G\u00e9ant.<\/h3>\n\n\n\n<p>Tous les week-end Genybet propose le jeu G\u00e9ant sur son <a href=\"https:\/\/www.genybet.fr\/geant\/\" data-type=\"link\" data-id=\"https:\/\/www.genybet.fr\/geant\/\">site<\/a>, le principe ? Il suffit de trouver 1 cheval plac\u00e9 par course sur toutes les courses de la r\u00e9union.<\/p>\n\n\n\n<p>On parle de cheval plac\u00e9 sur le G\u00e9ant pour un cheval qui termine dans les 2 premiers dans les courses de moins de 8 partants, qui termine dans les 3 premiers pour les courses de 8 \u00e0 16 partants et enfin d&rsquo;un cheval qui termine dans les 4 premiers pour les courses de plus de 16 partants.<\/p>\n\n\n\n<p>Ce challenge \u00e9tant relativement difficile nous vous proposerons un nombre de chevaux qui d\u00e9pendra :<\/p>\n\n\n\n<ul class=\"wp-block-list\">\n<li>du nombre de course sur la r\u00e9union<\/li>\n\n\n\n<li>du nombre de partants par course<\/li>\n\n\n\n<li>de la difficult\u00e9 de la r\u00e9union<\/li>\n<\/ul>\n\n\n\n<p>Le nombre de chevaux dont vous disposerez sera attribu\u00e9 selon le bar\u00e8me suivant :&nbsp;<\/p>\n\n\n\n<ul class=\"wp-block-list\">\n<li>1 cheval par course de moins de 8 partants<\/li>\n\n\n\n<li>2 chevaux par course entre 8 et 16 partants<\/li>\n\n\n\n<li>3 chevaux pour les courses de plus de 16 partants<\/li>\n<\/ul>\n\n\n\n<p>On ajoutera \u00e0 ce total des joker suppl\u00e9mentaires \u00e0 notre appr\u00e9ciation selon la difficult\u00e9 de la r\u00e9union<\/p>\n\n\n\n<p>Enfin comme sur le site Genybet vous aurez le droit \u00e0 un cheval de compl\u00e9ment par course en cas de non partant.<\/p>\n\n\n\n<p>Exemple :&nbsp;<\/p>\n\n\n\n<p>Le samedi 27 avril la r\u00e9union disput\u00e9e sur l&rsquo;hippodrome d&rsquo;Auteuil nous avions 8 courses, 3 courses \u00e0 moins de 8 partants, 3 courses avec entre 8 et 16 partants et 2 courses avec plus de 16 partants vous auriez donc eu un total de 15 chevaux \u00e0 r\u00e9partir. On estimait la r\u00e9union relativement difficile ou vous offrait donc 3&nbsp;jokers soit au total 18&nbsp;chevaux.<\/p>\n\n\n\n<p>Le dimanche 28 avril sur la r\u00e9union de Paris Longchamp 9 courses au programme, 7 courses avec entre 8 et 16 partants et 2 courses avec plus de 16 partants soit un total de 20 chevaux plus 3 jokers car nous avons 4 courses sous le format handicap soit un total de 23 chevaux a r\u00e9partir.<\/p>\n\n\n\n<p>Vous pourrez donc r\u00e9partir vos chevaux comme bon vous semble, ce n&rsquo;est pas parce que l&rsquo;on attribue qu&rsquo;un cheval dans une course de 6 partants que vous ne pourrez pas en proposer 2 ou 3.<\/p>\n\n\n\n<p><strong>On gagne quoi ?&nbsp;<\/strong><\/p>\n\n\n\n<p>Chaque G\u00e9ant organis\u00e9 permettra de gagner un bonus de 15\u20ac cr\u00e9dit\u00e9 sur votre compte Genybet. (Avec une base de 8 G\u00e9ant par mois ce sera donc un bonus de 120\u20ac attribu\u00e9s tous les mois).<\/p>\n\n\n\n<p>Pour gagner ce bonus il faudra remporter le challenge G\u00e9ant. Comme ce challenge est tr\u00e8s difficile nous avons imagin\u00e9 une cagnotte.<\/p>\n\n\n<div class=\"wp-block-image\">\n<figure class=\"aligncenter size-large is-resized\"><img loading=\"lazy\" decoding=\"async\" width=\"1024\" height=\"1024\" src=\"https:\/\/www.lucskyturf.com\/wp-content\/uploads\/2024\/05\/GENYBET_RS_challengeLucskyTurf_Geant_2000x2000-1024x1024.jpg\" alt=\"\" class=\"wp-image-3851\" style=\"object-fit:cover;width:400px;height:400px\" srcset=\"https:\/\/www.lucskyturf.com\/wp-content\/uploads\/2024\/05\/GENYBET_RS_challengeLucskyTurf_Geant_2000x2000-1024x1024.jpg 1024w, https:\/\/www.lucskyturf.com\/wp-content\/uploads\/2024\/05\/GENYBET_RS_challengeLucskyTurf_Geant_2000x2000-300x300.jpg 300w, https:\/\/www.lucskyturf.com\/wp-content\/uploads\/2024\/05\/GENYBET_RS_challengeLucskyTurf_Geant_2000x2000-150x150.jpg 150w, https:\/\/www.lucskyturf.com\/wp-content\/uploads\/2024\/05\/GENYBET_RS_challengeLucskyTurf_Geant_2000x2000-768x768.jpg 768w, https:\/\/www.lucskyturf.com\/wp-content\/uploads\/2024\/05\/GENYBET_RS_challengeLucskyTurf_Geant_2000x2000-1536x1536.jpg 1536w, https:\/\/www.lucskyturf.com\/wp-content\/uploads\/2024\/05\/GENYBET_RS_challengeLucskyTurf_Geant_2000x2000.jpg 2000w\" sizes=\"auto, (max-width: 1024px) 100vw, 1024px\" \/><\/figure>\n<\/div>\n\n\n<p><strong>Qui gagne ?<\/strong><\/p>\n\n\n\n<p>Le plus simple vous avez trouv\u00e9 un cheval plac\u00e9 dans chaque course de la r\u00e9union, vous \u00eates gagnant d&rsquo;une part des 15\u20ac mis en jeu sur la r\u00e9union. On divisera ce montant par le nombre de gagnants.<\/p>\n\n\n\n<p>Personne n&rsquo;a trouv\u00e9 un cheval dans chaque course de la r\u00e9union. Dans ce cas l\u00e0, on partage quand m\u00eame un montant de 10\u20ac entre les gagnants et on garde 5\u20ac que l&rsquo;on ajoute dans la cagnotte du prochain G\u00e9ant.<\/p>\n\n\n\n<p>Et pour d\u00e9terminer les gagnants de ces 10\u20ac voici le r\u00e8glement : <\/p>\n\n\n\n<ul class=\"wp-block-list\">\n<li>Le plus grand nombre de courses avec au moins un cheval plac\u00e9<\/li>\n<\/ul>\n\n\n\n<p>En cas d&rsquo;\u00e9galit\u00e9 au nombre de courses :<\/p>\n\n\n\n<ul class=\"wp-block-list\">\n<li>Le plus grand nombre de chevaux plac\u00e9s sur la r\u00e9union<\/li>\n<\/ul>\n\n\n\n<p>Si vraiment on arrive pas \u00e0 vous s\u00e9parer ce sera la personne \u00e9tant rest\u00e9e en vie le plus longtemps en ayant trouv\u00e9 un plac\u00e9 dans les courses dans l&rsquo;ordre du programme.<\/p>\n\n\n\n<p>\u26a0\ufe0f Ajout d&rsquo;une r\u00e8gle valable a partir du 31\/08\/2024, en cas de trop nombreux gagnants lors d&rsquo;un challenge G\u00e9ant, si la somme a r\u00e9partir est inf\u00e9rieure \u00e0 3\u20ac par gagnants la somme globale sera remise en jeu lors du prochain G\u00e9ant disput\u00e9 dans la m\u00eame sp\u00e9cialit\u00e9 (Trot, Plat, Obstacle)\u26a0\ufe0f<\/p>\n\n\n\n<p>\u26a0\ufe0f Ajout d&rsquo;une r\u00e8gle valable a partir du 05\/04\/2025, le nombre total de chevaux plac\u00e9s sera maintenant pris en compte pour d\u00e9terminer le ou les gagnants du rang 1.<\/p>\n","protected":false},"excerpt":{"rendered":"<p>Le samedi 4 mai 2024 en partenariat avec Genybet nous lan\u00e7ons le Challenge G\u00e9ant. Tous les week-end Genybet propose le jeu G\u00e9ant sur son site, le principe ? Il suffit&#8230;<\/p>\n","protected":false},"author":1,"featured_media":0,"parent":0,"menu_order":0,"comment_status":"closed","ping_status":"closed","template":"","meta":{"jetpack_post_was_ever_published":false,"footnotes":""},"class_list":["post-3805","page","type-page","status-publish","hentry"],"jetpack_sharing_enabled":true,"_links":{"self":[{"href":"https:\/\/www.lucskyturf.com\/index.php\/wp-json\/wp\/v2\/pages\/3805","targetHints":{"allow":["GET"]}}],"collection":[{"href":"https:\/\/www.lucskyturf.com\/index.php\/wp-json\/wp\/v2\/pages"}],"about":[{"href":"https:\/\/www.lucskyturf.com\/index.php\/wp-json\/wp\/v2\/types\/page"}],"author":[{"embeddable":true,"href":"https:\/\/www.lucskyturf.com\/index.php\/wp-json\/wp\/v2\/users\/1"}],"replies":[{"embeddable":true,"href":"https:\/\/www.lucskyturf.com\/index.php\/wp-json\/wp\/v2\/comments?post=3805"}],"version-history":[{"count":8,"href":"https:\/\/www.lucskyturf.com\/index.php\/wp-json\/wp\/v2\/pages\/3805\/revisions"}],"predecessor-version":[{"id":8396,"href":"https:\/\/www.lucskyturf.com\/index.php\/wp-json\/wp\/v2\/pages\/3805\/revisions\/8396"}],"wp:attachment":[{"href":"https:\/\/www.lucskyturf.com\/index.php\/wp-json\/wp\/v2\/media?parent=3805"}],"curies":[{"name":"wp","href":"https:\/\/api.w.org\/{rel}","templated":true}]}}