{"id":3801,"date":"2024-04-27T19:39:54","date_gmt":"2024-04-27T17:39:54","guid":{"rendered":"http:\/\/www.lucskyturf.com\/?page_id=3801"},"modified":"2024-06-03T09:50:15","modified_gmt":"2024-06-03T07:50:15","slug":"classement-challenge-montante-mai","status":"publish","type":"page","link":"https:\/\/www.lucskyturf.com\/index.php\/classement-challenge-montante-mai\/","title":{"rendered":"Classement Challenge Montante Mai"},"content":{"rendered":"\n<h3 class=\"wp-block-heading has-text-align-center\">Classement Final Mai 2024<\/h3>\n\n\n\n<figure class=\"wp-block-image size-large\"><img loading=\"lazy\" decoding=\"async\" width=\"1024\" height=\"1024\" src=\"https:\/\/www.lucskyturf.com\/wp-content\/uploads\/2024\/06\/Challenge-Montante-Mai-2024-1024x1024.png\" alt=\"\" class=\"wp-image-4264\" srcset=\"https:\/\/www.lucskyturf.com\/wp-content\/uploads\/2024\/06\/Challenge-Montante-Mai-2024-1024x1024.png 1024w, https:\/\/www.lucskyturf.com\/wp-content\/uploads\/2024\/06\/Challenge-Montante-Mai-2024-300x300.png 300w, https:\/\/www.lucskyturf.com\/wp-content\/uploads\/2024\/06\/Challenge-Montante-Mai-2024-150x150.png 150w, https:\/\/www.lucskyturf.com\/wp-content\/uploads\/2024\/06\/Challenge-Montante-Mai-2024-768x768.png 768w, https:\/\/www.lucskyturf.com\/wp-content\/uploads\/2024\/06\/Challenge-Montante-Mai-2024-1536x1536.png 1536w, https:\/\/www.lucskyturf.com\/wp-content\/uploads\/2024\/06\/Challenge-Montante-Mai-2024.png 2000w\" sizes=\"auto, (max-width: 1024px) 100vw, 1024px\" \/><\/figure>\n\n\n\n<p class=\"has-text-align-center\">Le lien vers notre fichier de suivi: <a href=\"https:\/\/lucskyturf-my.sharepoint.com\/:x:\/p\/christophe\/EfcGu3CZidNAtW5CB9DJSe8BHxDL1qBus2ixSLPkz-DQ1w?e=BYKLP1\" data-type=\"link\" data-id=\"https:\/\/lucskyturf-my.sharepoint.com\/:x:\/p\/christophe\/EfcGu3CZidNAtW5CB9DJSe8BHxDL1qBus2ixSLPkz-DQ1w?e=BYKLP1\">ici<\/a><\/p>\n\n\n\n<p>A partir du 20\u00e8me jour du mois, un petit signe apparaitra dans la colonne de droite qui vous signalera si vous \u00eates \u00e9ligible au bonus <a href=\"https:\/\/twitter.com\/hashtag\/Genybet?src=hashtag_click\">#Genybet<\/a><\/p>\n\n\n\n<div class=\"wp-block-group is-vertical is-content-justification-stretch is-nowrap is-layout-flex wp-container-core-group-is-layout-2082d7a3 wp-block-group-is-layout-flex\">\n<ul class=\"wp-block-list\">\n<li>Coche verte : Le minimum des 20 chevaux a \u00e9t\u00e9 atteint <\/li>\n<\/ul>\n\n\n\n<ul class=\"wp-block-list\">\n<li>Point d&rsquo;exclamation jaune : Entre 15 et 19 chevaux propos\u00e9s <\/li>\n<\/ul>\n\n\n\n<ul class=\"wp-block-list\">\n<li>Croix Rouge : Moins de 15 chevaux propos\u00e9s<\/li>\n<\/ul>\n\n\n\n<p>Petit rappel en cas d&rsquo;erreur de num\u00e9ro si le nom du cheval est cit\u00e9 il devient prioritaire sur le num\u00e9ro indiqu\u00e9.<\/p>\n<\/div>\n\n\n<div class=\"wp-block-image\">\n<figure class=\"aligncenter size-large\"><img loading=\"lazy\" decoding=\"async\" width=\"218\" height=\"1024\" src=\"https:\/\/www.lucskyturf.com\/wp-content\/uploads\/2024\/06\/image-1-218x1024.png\" alt=\"\" class=\"wp-image-4228\" srcset=\"https:\/\/www.lucskyturf.com\/wp-content\/uploads\/2024\/06\/image-1-218x1024.png 218w, https:\/\/www.lucskyturf.com\/wp-content\/uploads\/2024\/06\/image-1-64x300.png 64w\" sizes=\"auto, (max-width: 218px) 100vw, 218px\" \/><\/figure>\n<\/div>","protected":false},"excerpt":{"rendered":"<p>Classement Final Mai 2024 Le lien vers notre fichier de suivi: ici A partir du 20\u00e8me jour du mois, un petit signe apparaitra dans la colonne de droite qui vous&#8230;<\/p>\n","protected":false},"author":1,"featured_media":0,"parent":0,"menu_order":0,"comment_status":"closed","ping_status":"closed","template":"","meta":{"jetpack_post_was_ever_published":false,"footnotes":""},"class_list":["post-3801","page","type-page","status-publish","hentry"],"jetpack_sharing_enabled":true,"_links":{"self":[{"href":"https:\/\/www.lucskyturf.com\/index.php\/wp-json\/wp\/v2\/pages\/3801","targetHints":{"allow":["GET"]}}],"collection":[{"href":"https:\/\/www.lucskyturf.com\/index.php\/wp-json\/wp\/v2\/pages"}],"about":[{"href":"https:\/\/www.lucskyturf.com\/index.php\/wp-json\/wp\/v2\/types\/page"}],"author":[{"embeddable":true,"href":"https:\/\/www.lucskyturf.com\/index.php\/wp-json\/wp\/v2\/users\/1"}],"replies":[{"embeddable":true,"href":"https:\/\/www.lucskyturf.com\/index.php\/wp-json\/wp\/v2\/comments?post=3801"}],"version-history":[{"count":34,"href":"https:\/\/www.lucskyturf.com\/index.php\/wp-json\/wp\/v2\/pages\/3801\/revisions"}],"predecessor-version":[{"id":4265,"href":"https:\/\/www.lucskyturf.com\/index.php\/wp-json\/wp\/v2\/pages\/3801\/revisions\/4265"}],"wp:attachment":[{"href":"https:\/\/www.lucskyturf.com\/index.php\/wp-json\/wp\/v2\/media?parent=3801"}],"curies":[{"name":"wp","href":"https:\/\/api.w.org\/{rel}","templated":true}]}}