{"id":3468,"date":"2024-04-01T18:13:55","date_gmt":"2024-04-01T16:13:55","guid":{"rendered":"http:\/\/www.lucskyturf.com\/?page_id=3468"},"modified":"2024-04-30T18:16:17","modified_gmt":"2024-04-30T16:16:17","slug":"classement-challenge-montante","status":"publish","type":"page","link":"https:\/\/www.lucskyturf.com\/index.php\/classement-challenge-montante\/","title":{"rendered":"Classement Challenge Montante Avril"},"content":{"rendered":"\n<h3 class=\"wp-block-heading has-text-align-center\">Classement apr\u00e8s 29 journ\u00e9es<\/h3>\n\n\n\n<p class=\"has-text-align-center\">Le lien vers notre fichier de suivi: actuellement : <a href=\"https:\/\/lucskyturf-my.sharepoint.com\/:x:\/p\/christophe\/EepziMrW9phPrOJYRpmbAjMBs5dweM3WB1MJXWyws2ZoTw?e=6pkMnw\">ici<\/a><\/p>\n\n\n\n<p>Le petit signe dans la colonne de droite signale si vous \u00eates \u00e9ligible au bonus <a href=\"https:\/\/twitter.com\/hashtag\/Genybet?src=hashtag_click\">#Genybet<\/a> <\/p>\n\n\n\n<div class=\"wp-block-group is-vertical is-content-justification-stretch is-nowrap is-layout-flex wp-container-core-group-is-layout-2082d7a3 wp-block-group-is-layout-flex\">\n<ul class=\"wp-block-list\">\n<li>Coche verte : Le minimum des 20 chevaux a \u00e9t\u00e9 atteint <\/li>\n<\/ul>\n\n\n\n<ul class=\"wp-block-list\">\n<li>Point d&rsquo;exclamation jaune : Entre 15 et 19 chevaux propos\u00e9s <\/li>\n<\/ul>\n\n\n\n<ul class=\"wp-block-list\">\n<li>Croix Rouge : Moins de 15 chevaux propos\u00e9s<\/li>\n<\/ul>\n<\/div>\n\n\n<div class=\"wp-block-image is-style-zoooom\">\n<figure class=\"aligncenter size-large\"><img loading=\"lazy\" decoding=\"async\" width=\"196\" height=\"1024\" src=\"https:\/\/www.lucskyturf.com\/wp-content\/uploads\/2024\/04\/image-132-196x1024.png\" alt=\"\" class=\"wp-image-3832\"\/><\/figure>\n<\/div>","protected":false},"excerpt":{"rendered":"<p>Classement apr\u00e8s 29 journ\u00e9es Le lien vers notre fichier de suivi: actuellement : ici Le petit signe dans la colonne de droite signale si vous \u00eates \u00e9ligible au bonus #Genybet<\/p>\n","protected":false},"author":1,"featured_media":0,"parent":0,"menu_order":0,"comment_status":"open","ping_status":"closed","template":"","meta":{"jetpack_post_was_ever_published":false,"footnotes":""},"class_list":["post-3468","page","type-page","status-publish","hentry"],"jetpack_sharing_enabled":true,"_links":{"self":[{"href":"https:\/\/www.lucskyturf.com\/index.php\/wp-json\/wp\/v2\/pages\/3468","targetHints":{"allow":["GET"]}}],"collection":[{"href":"https:\/\/www.lucskyturf.com\/index.php\/wp-json\/wp\/v2\/pages"}],"about":[{"href":"https:\/\/www.lucskyturf.com\/index.php\/wp-json\/wp\/v2\/types\/page"}],"author":[{"embeddable":true,"href":"https:\/\/www.lucskyturf.com\/index.php\/wp-json\/wp\/v2\/users\/1"}],"replies":[{"embeddable":true,"href":"https:\/\/www.lucskyturf.com\/index.php\/wp-json\/wp\/v2\/comments?post=3468"}],"version-history":[{"count":52,"href":"https:\/\/www.lucskyturf.com\/index.php\/wp-json\/wp\/v2\/pages\/3468\/revisions"}],"predecessor-version":[{"id":3833,"href":"https:\/\/www.lucskyturf.com\/index.php\/wp-json\/wp\/v2\/pages\/3468\/revisions\/3833"}],"wp:attachment":[{"href":"https:\/\/www.lucskyturf.com\/index.php\/wp-json\/wp\/v2\/media?parent=3468"}],"curies":[{"name":"wp","href":"https:\/\/api.w.org\/{rel}","templated":true}]}}