{"id":3458,"date":"2024-03-31T12:34:40","date_gmt":"2024-03-31T10:34:40","guid":{"rendered":"http:\/\/www.lucskyturf.com\/?page_id=3458"},"modified":"2026-03-31T19:20:13","modified_gmt":"2026-03-31T17:20:13","slug":"challenge-montante","status":"publish","type":"page","link":"https:\/\/www.lucskyturf.com\/index.php\/challenge-montante\/","title":{"rendered":"Challenge Montante"},"content":{"rendered":"<div class=\"wp-block-image\">\n<figure class=\"aligncenter size-large is-resized\"><img loading=\"lazy\" decoding=\"async\" width=\"1024\" height=\"1014\" src=\"https:\/\/www.lucskyturf.com\/wp-content\/uploads\/2024\/03\/original-401E1862-F1A6-4DE7-BB38-B931BF9E3311-1024x1014.jpeg\" alt=\"\" class=\"wp-image-3461\" style=\"object-fit:cover;width:400px;height:400px\" srcset=\"https:\/\/www.lucskyturf.com\/wp-content\/uploads\/2024\/03\/original-401E1862-F1A6-4DE7-BB38-B931BF9E3311-1024x1014.jpeg 1024w, https:\/\/www.lucskyturf.com\/wp-content\/uploads\/2024\/03\/original-401E1862-F1A6-4DE7-BB38-B931BF9E3311-300x297.jpeg 300w, https:\/\/www.lucskyturf.com\/wp-content\/uploads\/2024\/03\/original-401E1862-F1A6-4DE7-BB38-B931BF9E3311-150x150.jpeg 150w, https:\/\/www.lucskyturf.com\/wp-content\/uploads\/2024\/03\/original-401E1862-F1A6-4DE7-BB38-B931BF9E3311-768x761.jpeg 768w, https:\/\/www.lucskyturf.com\/wp-content\/uploads\/2024\/03\/original-401E1862-F1A6-4DE7-BB38-B931BF9E3311-1200x1189.jpeg 1200w, https:\/\/www.lucskyturf.com\/wp-content\/uploads\/2024\/03\/original-401E1862-F1A6-4DE7-BB38-B931BF9E3311.jpeg 1284w\" sizes=\"auto, (max-width: 1024px) 100vw, 1024px\" \/><\/figure>\n<\/div>\n\n\n<h4 class=\"wp-block-heading\">R\u00e8glement du Challenge Montante :<\/h4>\n\n\n\n<p>Depuis plus de 2 ans je publie chaque jour (ou presque) un cheval a jouer plac\u00e9 dans la course du quint\u00e9 appel\u00e9 TOP5 chez <a href=\"https:\/\/twitter.com\/Genybet_Turf\">@Genybet_Turf<\/a> <\/p>\n\n\n\n<p>On part d&rsquo;une cagnotte de d\u00e9part de 300\u20ac et l&rsquo;on joue chaque jour 10% de la cagnotte a l&rsquo;arrondi inf\u00e9rieur. Le but terminer le mois avec la plus grosse cagnotte. <\/p>\n\n\n\n<p><strong>Exemple : <\/strong><\/p>\n\n\n\n<ul class=\"wp-block-list\">\n<li>Le 1er jour du mois je joue 10% de 300\u20ac soit 30\u20ac plac\u00e9s sur un cheval <\/li>\n<\/ul>\n\n\n\n<ul class=\"wp-block-list\">\n<li>Le cheval ne termine pas dans les 3 premiers, on a donc une cagnotte de 270\u20ac <\/li>\n<\/ul>\n\n\n\n<ul class=\"wp-block-list\">\n<li>Le 2\u00e8me jour je joue donc 27\u20ac et ainsi de suite. <\/li>\n<\/ul>\n\n\n\n<p><strong>Quelques r\u00e8gles pour le bon d\u00e9roulement de ce challenge : <\/strong><\/p>\n\n\n\n<p>Le cheval choisi devra \u00eatre post\u00e9 avant le d\u00e9part r\u00e9el de la course <\/p>\n\n\n\n<p>Pour \u00eatre \u00e9ligible aux bonus offerts par notre partenaire il faudra avoir propos\u00e9 au moins 24&nbsp;chevaux sur le mois.<\/p>\n\n\n\n<p>Il faudra me tagger sur X en ajoutant le <a href=\"https:\/\/twitter.com\/hashtag\/Montante010424?src=hashtag_click\">#Montante010424<\/a> avec la date du jour et suivre le compte X de <a href=\"https:\/\/twitter.com\/Genybet_Turf\">@Genybet_Turf<\/a> <\/p>\n\n\n\n<p>Les rapports plac\u00e9s seront bien sur ceux de notre partenaire <strong>Genybet<\/strong>.<\/p>\n\n\n\n<p><strong>Que gagne-t-on ? <\/strong><\/p>\n\n\n\n<p>Nous r\u00e9compenserons les 3 premiers du classement qui respecterons les r\u00e8gles ci-dessus avec les bonus suivants :<\/p>\n\n\n\n<ul class=\"wp-block-list\">\n<li>25\u20ac pour le vainqueur<\/li>\n<\/ul>\n\n\n\n<ul class=\"wp-block-list\">\n<li>15\u20ac pour le deuxi\u00e8me<\/li>\n<\/ul>\n\n\n\n<ul class=\"wp-block-list\">\n<li>10\u20ac pour le troisi\u00e8me<\/li>\n<\/ul>\n\n\n\n<p>Pour pouvoir toucher ce bonus il faudra bien sur avoir un compte <a href=\"https:\/\/twitter.com\/Genybet_Turf\">@Genybet_Turf<\/a><\/p>\n\n\n\n<p>\u26a0\ufe0f Modification d&rsquo;une r\u00e8gle valable a partir du 01\/04\/2025, il faudra avoir propos\u00e9 au moins 24 chevaux dans le mois pour \u00eatre \u00e9ligible aux bonus hippiques offerts par notre partenaire.<\/p>\n\n\n\n<p>\u26a0\ufe0f Ajout d&rsquo;une r\u00e8gle valable a partir du 01\/04\/2025, pour r\u00e9compenser les plus assidus nous ajouterons un bonus de 20% au total en fin de mois pour les personnes ayant propos\u00e9 un cheval chaque jour du mois, ce bonus viendra impacter le classement final.<\/p>\n\n\n\n<p>\u26a0\ufe0f Modification de la ventilation des gains a partir du 01\/04\/2026, seul les 3 premiers seront r\u00e9compens\u00e9s avec les gains suivants 25\u20ac \/ 15\u20ac \/ 10\u20ac soit 50\u20ac au total.<\/p>\n","protected":false},"excerpt":{"rendered":"<p>R\u00e8glement du Challenge Montante : Depuis plus de 2 ans je publie chaque jour (ou presque) un cheval a jouer plac\u00e9 dans la course du quint\u00e9 appel\u00e9 TOP5 chez @Genybet_Turf&#8230;<\/p>\n","protected":false},"author":1,"featured_media":0,"parent":0,"menu_order":0,"comment_status":"closed","ping_status":"closed","template":"","meta":{"jetpack_post_was_ever_published":false,"footnotes":""},"class_list":["post-3458","page","type-page","status-publish","hentry"],"jetpack_sharing_enabled":true,"_links":{"self":[{"href":"https:\/\/www.lucskyturf.com\/index.php\/wp-json\/wp\/v2\/pages\/3458","targetHints":{"allow":["GET"]}}],"collection":[{"href":"https:\/\/www.lucskyturf.com\/index.php\/wp-json\/wp\/v2\/pages"}],"about":[{"href":"https:\/\/www.lucskyturf.com\/index.php\/wp-json\/wp\/v2\/types\/page"}],"author":[{"embeddable":true,"href":"https:\/\/www.lucskyturf.com\/index.php\/wp-json\/wp\/v2\/users\/1"}],"replies":[{"embeddable":true,"href":"https:\/\/www.lucskyturf.com\/index.php\/wp-json\/wp\/v2\/comments?post=3458"}],"version-history":[{"count":8,"href":"https:\/\/www.lucskyturf.com\/index.php\/wp-json\/wp\/v2\/pages\/3458\/revisions"}],"predecessor-version":[{"id":9775,"href":"https:\/\/www.lucskyturf.com\/index.php\/wp-json\/wp\/v2\/pages\/3458\/revisions\/9775"}],"wp:attachment":[{"href":"https:\/\/www.lucskyturf.com\/index.php\/wp-json\/wp\/v2\/media?parent=3458"}],"curies":[{"name":"wp","href":"https:\/\/api.w.org\/{rel}","templated":true}]}}