{"id":2333,"date":"2023-06-02T14:42:05","date_gmt":"2023-06-02T12:42:05","guid":{"rendered":"http:\/\/www.lucskyturf.com\/index.php\/shop\/"},"modified":"2024-08-01T05:35:03","modified_gmt":"2024-08-01T03:35:03","slug":"shop","status":"publish","type":"page","link":"https:\/\/www.lucskyturf.com\/index.php\/shop\/","title":{"rendered":"Classement Challenge Montante Juillet"},"content":{"rendered":"\n<h3 class=\"wp-block-heading has-text-align-center\">Classement final de Juillet 2024<\/h3>\n\n\n\n<p>Le lien vers notre fichier de suivi:&nbsp;<a href=\"https:\/\/lucskyturf-my.sharepoint.com\/:x:\/p\/christophe\/EfXuLX__BM1LlTcTu1UFtP0BBlPhOiZ3TROfykNqLKJtEA?e=PxfTa3\" data-type=\"link\" data-id=\"https:\/\/lucskyturf-my.sharepoint.com\/:x:\/p\/christophe\/Ee013m1ZZWRNsxo4Rj1_hnoB59WK4Lx6uh3QH6DGMN7JTQ?e=dDgxXN\">ici<\/a><\/p>\n\n\n\n<p>A partir du 20\u00e8me jour du mois, un petit signe apparaitra dans la colonne de droite qui vous signalera si vous \u00eates \u00e9ligible au bonus&nbsp;<a href=\"https:\/\/twitter.com\/hashtag\/Genybet?src=hashtag_click\">#Genybet<\/a><\/p>\n\n\n\n<ul class=\"wp-block-list\">\n<li>Coche verte : Le minimum des 20 chevaux a \u00e9t\u00e9 atteint<\/li>\n\n\n\n<li>Point d\u2019exclamation jaune : Entre 15 et 19 chevaux propos\u00e9s<\/li>\n\n\n\n<li>Croix Rouge : Moins de 15 chevaux propos\u00e9s<\/li>\n<\/ul>\n\n\n\n<p>Petit rappel en cas d\u2019erreur de num\u00e9ro si le nom du cheval est cit\u00e9 il devient prioritaire sur le num\u00e9ro indiqu\u00e9.<\/p>\n\n\n<div class=\"wp-block-image is-style-zoooom\">\n<figure class=\"aligncenter size-full\"><img loading=\"lazy\" decoding=\"async\" width=\"253\" height=\"1002\" src=\"https:\/\/www.lucskyturf.com\/wp-content\/uploads\/2024\/08\/image-1.png\" alt=\"\" class=\"wp-image-4697\" srcset=\"https:\/\/www.lucskyturf.com\/wp-content\/uploads\/2024\/08\/image-1.png 253w, https:\/\/www.lucskyturf.com\/wp-content\/uploads\/2024\/08\/image-1-76x300.png 76w\" sizes=\"auto, (max-width: 253px) 100vw, 253px\" \/><\/figure>\n<\/div>","protected":false},"excerpt":{"rendered":"<p>Classement final de Juillet 2024 Le lien vers notre fichier de suivi:&nbsp;ici A partir du 20\u00e8me jour du mois, un petit signe apparaitra dans la colonne de droite qui vous&#8230;<\/p>\n","protected":false},"author":1,"featured_media":0,"parent":0,"menu_order":0,"comment_status":"closed","ping_status":"closed","template":"","meta":{"jetpack_post_was_ever_published":false,"footnotes":""},"class_list":["post-2333","page","type-page","status-publish","hentry"],"jetpack_sharing_enabled":true,"_links":{"self":[{"href":"https:\/\/www.lucskyturf.com\/index.php\/wp-json\/wp\/v2\/pages\/2333","targetHints":{"allow":["GET"]}}],"collection":[{"href":"https:\/\/www.lucskyturf.com\/index.php\/wp-json\/wp\/v2\/pages"}],"about":[{"href":"https:\/\/www.lucskyturf.com\/index.php\/wp-json\/wp\/v2\/types\/page"}],"author":[{"embeddable":true,"href":"https:\/\/www.lucskyturf.com\/index.php\/wp-json\/wp\/v2\/users\/1"}],"replies":[{"embeddable":true,"href":"https:\/\/www.lucskyturf.com\/index.php\/wp-json\/wp\/v2\/comments?post=2333"}],"version-history":[{"count":31,"href":"https:\/\/www.lucskyturf.com\/index.php\/wp-json\/wp\/v2\/pages\/2333\/revisions"}],"predecessor-version":[{"id":4698,"href":"https:\/\/www.lucskyturf.com\/index.php\/wp-json\/wp\/v2\/pages\/2333\/revisions\/4698"}],"wp:attachment":[{"href":"https:\/\/www.lucskyturf.com\/index.php\/wp-json\/wp\/v2\/media?parent=2333"}],"curies":[{"name":"wp","href":"https:\/\/api.w.org\/{rel}","templated":true}]}}