{"id":2266,"date":"2023-05-19T16:24:53","date_gmt":"2023-05-19T14:24:53","guid":{"rendered":"http:\/\/www.lucskyturf.com\/?page_id=2266"},"modified":"2024-04-19T18:11:51","modified_gmt":"2024-04-19T16:11:51","slug":"challenge-big5","status":"publish","type":"page","link":"https:\/\/www.lucskyturf.com\/index.php\/challenge-big5\/","title":{"rendered":"R\u00e8glement Challenge Big5"},"content":{"rendered":"<div class=\"wp-block-image\">\n<figure class=\"aligncenter size-full\"><img loading=\"lazy\" decoding=\"async\" width=\"419\" height=\"219\" src=\"https:\/\/www.lucskyturf.com\/wp-content\/uploads\/2023\/05\/image-5.png\" alt=\"\" class=\"wp-image-2177\" srcset=\"https:\/\/www.lucskyturf.com\/wp-content\/uploads\/2023\/05\/image-5.png 419w, https:\/\/www.lucskyturf.com\/wp-content\/uploads\/2023\/05\/image-5-300x157.png 300w\" sizes=\"auto, (max-width: 419px) 100vw, 419px\" \/><\/figure>\n<\/div>\n\n\n<p>Nous organisons un challenge amical autour du nouveau jeu disponible sur  pmu.fr le BIG 5.<\/p>\n\n\n\n<p>Vous devez pronostiquer 10 chevaux que vous r\u00e9partissez sur les 5 courses retenues comme support de l&rsquo;\u00e9preuve.<\/p>\n\n\n\n<p>(5x 2 chevaux, 3x 3 + 2x 2, etc\u2026)<\/p>\n\n\n\n<p>Le but est bien sur de r\u00e9ussir a trouver les 5 gagnants des courses.<\/p>\n\n\n\n<p>Pour que votre pronostics soit valide, il devra \u00eatre post\u00e9 sut Twitter avant le d\u00e9part de la 1\u00e8re course support du Big 5 avec le #Challenge(datedujour)BIG5<\/p>\n","protected":false},"excerpt":{"rendered":"<p>Nous organisons un challenge amical autour du nouveau jeu disponible sur pmu.fr le BIG 5. Vous devez pronostiquer 10 chevaux que vous r\u00e9partissez sur les 5 courses retenues comme support&#8230;<\/p>\n","protected":false},"author":1,"featured_media":0,"parent":0,"menu_order":0,"comment_status":"closed","ping_status":"closed","template":"","meta":{"jetpack_post_was_ever_published":false,"footnotes":""},"class_list":["post-2266","page","type-page","status-publish","hentry"],"jetpack_sharing_enabled":true,"_links":{"self":[{"href":"https:\/\/www.lucskyturf.com\/index.php\/wp-json\/wp\/v2\/pages\/2266","targetHints":{"allow":["GET"]}}],"collection":[{"href":"https:\/\/www.lucskyturf.com\/index.php\/wp-json\/wp\/v2\/pages"}],"about":[{"href":"https:\/\/www.lucskyturf.com\/index.php\/wp-json\/wp\/v2\/types\/page"}],"author":[{"embeddable":true,"href":"https:\/\/www.lucskyturf.com\/index.php\/wp-json\/wp\/v2\/users\/1"}],"replies":[{"embeddable":true,"href":"https:\/\/www.lucskyturf.com\/index.php\/wp-json\/wp\/v2\/comments?post=2266"}],"version-history":[{"count":11,"href":"https:\/\/www.lucskyturf.com\/index.php\/wp-json\/wp\/v2\/pages\/2266\/revisions"}],"predecessor-version":[{"id":3691,"href":"https:\/\/www.lucskyturf.com\/index.php\/wp-json\/wp\/v2\/pages\/2266\/revisions\/3691"}],"wp:attachment":[{"href":"https:\/\/www.lucskyturf.com\/index.php\/wp-json\/wp\/v2\/media?parent=2266"}],"curies":[{"name":"wp","href":"https:\/\/api.w.org\/{rel}","templated":true}]}}