{"id":167,"date":"2022-06-22T22:52:00","date_gmt":"2022-06-22T20:52:00","guid":{"rendered":"http:\/\/www.lucskyturf.com\/?page_id=167"},"modified":"2022-06-26T09:34:24","modified_gmt":"2022-06-26T07:34:24","slug":"challenge-lucskyturf","status":"publish","type":"page","link":"https:\/\/www.lucskyturf.com\/index.php\/challenge-lucskyturf\/","title":{"rendered":"Challenge LucskyTurf"},"content":{"rendered":"\n<p>La seconde \u00e9dition du challenge aura lieu ce dimanche sur la r\u00e9union de Vincennes avec en point d&rsquo;orgue le PRIX RENE BALLIERE.<\/p>\n\n\n\n<p>Je rappelle que 60\u20ac de #Freebets seront offert par notre partenaire pmu.fr<\/p>\n\n\n\n<p>A la vue des partants d\u00e9clar\u00e9s on ne devrait pas avoir de courses \u00e0 moins de 8 partants.<\/p>\n\n\n\n<p>Nous serons donc sur une s\u00e9lection de 4 chevaux par course avec un cheval compl\u00e9mentaire.<\/p>\n\n\n\n<p>Le 1er cheval indiqu\u00e9 sera jou\u00e9 pour 1\u20acG et 4\u20ac P<\/p>\n\n\n\n<p>Le 2\u00e8me cheval pour 4\u20ac P<\/p>\n\n\n\n<p>Les 2 premiers chevaux en CG pour la mise de 1\u20ac<\/p>\n\n\n\n<p>Les 4 premiers chevaux en CP soit, pour une mise de base de 1\u20ac un total de 6\u20ac<\/p>\n\n\n\n<p>Ces m\u00eames chevaux en trio combin\u00e9 en mise de base soit 4\u20ac<\/p>\n\n\n\n<p>Enfin dans les courses support de multi4, ces 4 chevaux seront jou\u00e9s pour la mise de base de 3\u20ac<\/p>\n\n\n\n<p>Soit un total par course de 23\u20ac.<\/p>\n\n\n\n<p>Comme nous sommes sur une r\u00e9union de trot, je r\u00e9int\u00e8gre le principe de disqualification, celle-ci pourra avoir 2 raisons :<\/p>\n\n\n\n<ul class=\"wp-block-list\"><li>3 courses de suite avec un z\u00e9ro point\u00e9<\/li><li>toute promotion d&rsquo;un groupe VIP payant<\/li><\/ul>\n\n\n\n<p>Pour participer au challenge il faudra :<\/p>\n\n\n\n<ul class=\"wp-block-list\"><li>poster sur Twitter avec le #ChallengeLucskyTurf260622 <\/li><li>suivre les comptes @LucSky21187326 et @Golumis_Turf <\/li><\/ul>\n\n\n\n<p>Je validerais la saisie de chaque prono avec un j&rsquo;aime sur votre publication.<\/p>\n\n\n\n<p>En cas de Non Partant le cheval propos\u00e9 en compl\u00e9ment prendra la 4\u00e8me place et non pas la place du cheval Non Partant. Exemple : j&rsquo;ai pronostiqu\u00e9 : 1-2-3-4 cc 5, le cheval n\u00b02 est NP, ma s\u00e9lection devient : 1-3-4-5.<\/p>\n\n\n\n<p>La r\u00e9partition des gains sera la suivante : <\/p>\n\n\n\n<ul class=\"wp-block-list\"><li>30\u20ac de Freebet PMU pour le gagnant<\/li><li>20\u20ac pour le second<\/li><li>10\u20ac pour le troisi\u00e8me<\/li><\/ul>\n\n\n\n<p>Que le meilleur gagne.<\/p>\n\n\n\n<p><\/p>\n","protected":false},"excerpt":{"rendered":"<p>La seconde \u00e9dition du challenge aura lieu ce dimanche sur la r\u00e9union de Vincennes avec en point d&rsquo;orgue le PRIX RENE BALLIERE. Je rappelle que 60\u20ac de #Freebets seront offert&#8230;<\/p>\n","protected":false},"author":1,"featured_media":24,"parent":0,"menu_order":0,"comment_status":"closed","ping_status":"closed","template":"","meta":{"jetpack_post_was_ever_published":false,"footnotes":""},"class_list":["post-167","page","type-page","status-publish","has-post-thumbnail","hentry"],"jetpack_sharing_enabled":true,"_links":{"self":[{"href":"https:\/\/www.lucskyturf.com\/index.php\/wp-json\/wp\/v2\/pages\/167","targetHints":{"allow":["GET"]}}],"collection":[{"href":"https:\/\/www.lucskyturf.com\/index.php\/wp-json\/wp\/v2\/pages"}],"about":[{"href":"https:\/\/www.lucskyturf.com\/index.php\/wp-json\/wp\/v2\/types\/page"}],"author":[{"embeddable":true,"href":"https:\/\/www.lucskyturf.com\/index.php\/wp-json\/wp\/v2\/users\/1"}],"replies":[{"embeddable":true,"href":"https:\/\/www.lucskyturf.com\/index.php\/wp-json\/wp\/v2\/comments?post=167"}],"version-history":[{"count":3,"href":"https:\/\/www.lucskyturf.com\/index.php\/wp-json\/wp\/v2\/pages\/167\/revisions"}],"predecessor-version":[{"id":194,"href":"https:\/\/www.lucskyturf.com\/index.php\/wp-json\/wp\/v2\/pages\/167\/revisions\/194"}],"wp:featuredmedia":[{"embeddable":true,"href":"https:\/\/www.lucskyturf.com\/index.php\/wp-json\/wp\/v2\/media\/24"}],"wp:attachment":[{"href":"https:\/\/www.lucskyturf.com\/index.php\/wp-json\/wp\/v2\/media?parent=167"}],"curies":[{"name":"wp","href":"https:\/\/api.w.org\/{rel}","templated":true}]}}