{"id":1453,"date":"2024-03-03T18:41:06","date_gmt":"2024-03-03T17:41:06","guid":{"rendered":"http:\/\/www.lucskyturf.com\/?page_id=1453"},"modified":"2025-12-28T22:11:39","modified_gmt":"2025-12-28T21:11:39","slug":"classement-challenge-report-2024","status":"publish","type":"page","link":"https:\/\/www.lucskyturf.com\/index.php\/classement-challenge-report-2024\/","title":{"rendered":"Classement Challenge Report 2025"},"content":{"rendered":"\n<h3 class=\"wp-block-heading has-text-align-center\">Classement G\u00e9n\u00e9ral D\u00e9cembre 2025<\/h3>\n\n\n<div class=\"wp-block-image\">\n<figure class=\"aligncenter size-full\"><img loading=\"lazy\" decoding=\"async\" width=\"521\" height=\"523\" src=\"https:\/\/www.lucskyturf.com\/wp-content\/uploads\/2025\/12\/image-98.png\" alt=\"\" class=\"wp-image-9111\" srcset=\"https:\/\/www.lucskyturf.com\/wp-content\/uploads\/2025\/12\/image-98.png 521w, https:\/\/www.lucskyturf.com\/wp-content\/uploads\/2025\/12\/image-98-300x300.png 300w, https:\/\/www.lucskyturf.com\/wp-content\/uploads\/2025\/12\/image-98-150x150.png 150w\" sizes=\"auto, (max-width: 521px) 100vw, 521px\" \/><\/figure>\n<\/div>\n\n\n<h3 class=\"wp-block-heading has-text-align-center\">Classement Semaine 4 D\u00e9cembre 2025<\/h3>\n\n\n\n<figure class=\"wp-block-image size-large\"><img loading=\"lazy\" decoding=\"async\" width=\"1024\" height=\"522\" src=\"https:\/\/www.lucskyturf.com\/wp-content\/uploads\/2025\/12\/image-96-1024x522.png\" alt=\"\" class=\"wp-image-9108\" srcset=\"https:\/\/www.lucskyturf.com\/wp-content\/uploads\/2025\/12\/image-96-1024x522.png 1024w, https:\/\/www.lucskyturf.com\/wp-content\/uploads\/2025\/12\/image-96-300x153.png 300w, https:\/\/www.lucskyturf.com\/wp-content\/uploads\/2025\/12\/image-96-768x391.png 768w, https:\/\/www.lucskyturf.com\/wp-content\/uploads\/2025\/12\/image-96.png 1026w\" sizes=\"auto, (max-width: 1024px) 100vw, 1024px\" \/><\/figure>\n\n\n\n<h3 class=\"wp-block-heading has-text-align-center\">Classement Semaine 3 D\u00e9cembre 2025<\/h3>\n\n\n<div class=\"wp-block-image\">\n<figure class=\"aligncenter size-full\"><img loading=\"lazy\" decoding=\"async\" width=\"988\" height=\"523\" src=\"https:\/\/www.lucskyturf.com\/wp-content\/uploads\/2025\/12\/image-71.png\" alt=\"\" class=\"wp-image-9045\" srcset=\"https:\/\/www.lucskyturf.com\/wp-content\/uploads\/2025\/12\/image-71.png 988w, https:\/\/www.lucskyturf.com\/wp-content\/uploads\/2025\/12\/image-71-300x159.png 300w, https:\/\/www.lucskyturf.com\/wp-content\/uploads\/2025\/12\/image-71-768x407.png 768w\" sizes=\"auto, (max-width: 988px) 100vw, 988px\" \/><\/figure>\n<\/div>\n\n\n<h3 class=\"wp-block-heading has-text-align-center\">Classement Semaine 2 D\u00e9cembre 2025<\/h3>\n\n\n<div class=\"wp-block-image\">\n<figure class=\"aligncenter size-full\"><img loading=\"lazy\" decoding=\"async\" width=\"948\" height=\"475\" src=\"https:\/\/www.lucskyturf.com\/wp-content\/uploads\/2025\/12\/image-49.png\" alt=\"\" class=\"wp-image-8987\" srcset=\"https:\/\/www.lucskyturf.com\/wp-content\/uploads\/2025\/12\/image-49.png 948w, https:\/\/www.lucskyturf.com\/wp-content\/uploads\/2025\/12\/image-49-300x150.png 300w, https:\/\/www.lucskyturf.com\/wp-content\/uploads\/2025\/12\/image-49-768x385.png 768w\" sizes=\"auto, (max-width: 948px) 100vw, 948px\" \/><\/figure>\n<\/div>\n\n\n<h3 class=\"wp-block-heading has-text-align-center\">Classement Semaine 1 D\u00e9cembre 2025<\/h3>\n\n\n<div class=\"wp-block-image\">\n<figure class=\"aligncenter size-full\"><img loading=\"lazy\" decoding=\"async\" width=\"923\" height=\"500\" src=\"https:\/\/www.lucskyturf.com\/wp-content\/uploads\/2025\/12\/image-48.png\" alt=\"\" class=\"wp-image-8986\" srcset=\"https:\/\/www.lucskyturf.com\/wp-content\/uploads\/2025\/12\/image-48.png 923w, https:\/\/www.lucskyturf.com\/wp-content\/uploads\/2025\/12\/image-48-300x163.png 300w, https:\/\/www.lucskyturf.com\/wp-content\/uploads\/2025\/12\/image-48-768x416.png 768w\" sizes=\"auto, (max-width: 923px) 100vw, 923px\" \/><\/figure>\n<\/div>\n\n\n<h3 class=\"wp-block-heading has-text-align-center\">Classement G\u00e9n\u00e9ral Octobre 2025<\/h3>\n\n\n<div class=\"wp-block-image\">\n<figure class=\"aligncenter size-full\"><img loading=\"lazy\" decoding=\"async\" width=\"505\" height=\"525\" src=\"https:\/\/www.lucskyturf.com\/wp-content\/uploads\/2025\/10\/image-3-20251014-204942.png\" alt=\"\" class=\"wp-image-8488\" srcset=\"https:\/\/www.lucskyturf.com\/wp-content\/uploads\/2025\/10\/image-3-20251014-204942.png 505w, https:\/\/www.lucskyturf.com\/wp-content\/uploads\/2025\/10\/image-3-20251014-204942-289x300.png 289w\" sizes=\"auto, (max-width: 505px) 100vw, 505px\" \/><\/figure>\n<\/div>\n\n\n<h3 class=\"wp-block-heading has-text-align-center\">Classement Semaine 2 &#8211; Octobre 2025<\/h3>\n\n\n<div class=\"wp-block-image\">\n<figure class=\"aligncenter size-full\"><img loading=\"lazy\" decoding=\"async\" width=\"948\" height=\"499\" src=\"https:\/\/www.lucskyturf.com\/wp-content\/uploads\/2025\/10\/image-3-20251014-204909.png\" alt=\"\" class=\"wp-image-8487\" srcset=\"https:\/\/www.lucskyturf.com\/wp-content\/uploads\/2025\/10\/image-3-20251014-204909.png 948w, https:\/\/www.lucskyturf.com\/wp-content\/uploads\/2025\/10\/image-3-20251014-204909-300x158.png 300w, https:\/\/www.lucskyturf.com\/wp-content\/uploads\/2025\/10\/image-3-20251014-204909-768x404.png 768w\" sizes=\"auto, (max-width: 948px) 100vw, 948px\" \/><\/figure>\n<\/div>\n\n\n<h3 class=\"wp-block-heading has-text-align-center\">Classement Semaine 1 &#8211; Octobre 2025<\/h3>\n\n\n<div class=\"wp-block-image\">\n<figure class=\"aligncenter size-full\"><img loading=\"lazy\" decoding=\"async\" width=\"946\" height=\"523\" src=\"https:\/\/www.lucskyturf.com\/wp-content\/uploads\/2025\/10\/image-3-20251014-084453.png\" alt=\"\" class=\"wp-image-8473\" srcset=\"https:\/\/www.lucskyturf.com\/wp-content\/uploads\/2025\/10\/image-3-20251014-084453.png 946w, https:\/\/www.lucskyturf.com\/wp-content\/uploads\/2025\/10\/image-3-20251014-084453-300x166.png 300w, https:\/\/www.lucskyturf.com\/wp-content\/uploads\/2025\/10\/image-3-20251014-084453-768x425.png 768w\" sizes=\"auto, (max-width: 946px) 100vw, 946px\" \/><\/figure>\n<\/div>","protected":false},"excerpt":{"rendered":"<p>Classement G\u00e9n\u00e9ral D\u00e9cembre 2025 Classement Semaine 4 D\u00e9cembre 2025 Classement Semaine 3 D\u00e9cembre 2025 Classement Semaine 2 D\u00e9cembre 2025 Classement Semaine 1 D\u00e9cembre 2025 Classement G\u00e9n\u00e9ral Octobre 2025 Classement Semaine&#8230;<\/p>\n","protected":false},"author":1,"featured_media":0,"parent":0,"menu_order":0,"comment_status":"closed","ping_status":"closed","template":"","meta":{"jetpack_post_was_ever_published":false,"footnotes":""},"class_list":["post-1453","page","type-page","status-publish","hentry"],"jetpack_sharing_enabled":true,"_links":{"self":[{"href":"https:\/\/www.lucskyturf.com\/index.php\/wp-json\/wp\/v2\/pages\/1453","targetHints":{"allow":["GET"]}}],"collection":[{"href":"https:\/\/www.lucskyturf.com\/index.php\/wp-json\/wp\/v2\/pages"}],"about":[{"href":"https:\/\/www.lucskyturf.com\/index.php\/wp-json\/wp\/v2\/types\/page"}],"author":[{"embeddable":true,"href":"https:\/\/www.lucskyturf.com\/index.php\/wp-json\/wp\/v2\/users\/1"}],"replies":[{"embeddable":true,"href":"https:\/\/www.lucskyturf.com\/index.php\/wp-json\/wp\/v2\/comments?post=1453"}],"version-history":[{"count":207,"href":"https:\/\/www.lucskyturf.com\/index.php\/wp-json\/wp\/v2\/pages\/1453\/revisions"}],"predecessor-version":[{"id":9112,"href":"https:\/\/www.lucskyturf.com\/index.php\/wp-json\/wp\/v2\/pages\/1453\/revisions\/9112"}],"wp:attachment":[{"href":"https:\/\/www.lucskyturf.com\/index.php\/wp-json\/wp\/v2\/media?parent=1453"}],"curies":[{"name":"wp","href":"https:\/\/api.w.org\/{rel}","templated":true}]}}