{"id":1341,"date":"2022-12-18T09:20:12","date_gmt":"2022-12-18T08:20:12","guid":{"rendered":"http:\/\/www.lucskyturf.com\/?page_id=1341"},"modified":"2023-11-25T09:43:53","modified_gmt":"2023-11-25T08:43:53","slug":"challenge-report","status":"publish","type":"page","link":"https:\/\/www.lucskyturf.com\/index.php\/challenge-report\/","title":{"rendered":"Challenge Report"},"content":{"rendered":"\n<h5 class=\"wp-block-heading\">Principe:<\/h5>\n\n\n\n<p>Sur les courses disput\u00e9es dans l&rsquo;hexagone il faut proposer 2 chevaux en simple (donc pas de coupl\u00e9s ni de 2\/4) sur 2 courses d&rsquo;une m\u00eame r\u00e9union.<\/p>\n\n\n\n<p>La mise totale du report doit \u00eatre de 4\u20ac, vous pouvez r\u00e9partir comme vous le souhaitez.<\/p>\n\n\n\n<p>GP sur GP soit 4\u20ac \/ G sur G par 4\u20ac \/ P sur P par 4\u20ac \/ GP sur G par 2\u20ac &#8230;<\/p>\n\n\n\n<p>Si vous avez oubli\u00e9 de pr\u00e9ciser le type de jeu (G ou P ou GP) ou si le post n&rsquo;est pas tr\u00e8s clair, nous choisirons de base la mise GP. <\/p>\n\n\n\n<p>Si vous pr\u00e9cisez le nom du cheval et que vous avez fait une erreur de num\u00e9ro, nous prendrons en compte le nom du cheval et modifierons en cons\u00e9quence le num\u00e9ro.<\/p>\n\n\n\n<p>En postant #Report181222 et merci de nous tagger sur Twitter afin que l&rsquo;on ne rate aucun post.<\/p>\n\n\n\n<p>Changement important l&rsquo;heure limite du post devient l&rsquo;heure de d\u00e9part effectif de la 1\u00e8re course de la r\u00e9union choisie.<\/p>\n\n\n\n<p>Rappel depuis le mois de Mai 2023 le Pmu ne sponsorise plus ce challenge suite au passage de la loi \u00ab\u00a0Influence\u00a0\u00bb il n&rsquo;y a donc plus de #freebet<\/p>\n\n\n\n<p>Pour ma part je mettrais un  \u00ab\u00a0J&rsquo;aime\u00a0\u00bb sur vos posts quand ils auront \u00e9t\u00e9 pris en compte.<\/p>\n","protected":false},"excerpt":{"rendered":"<p>Principe: Sur les courses disput\u00e9es dans l&rsquo;hexagone il faut proposer 2 chevaux en simple (donc pas de coupl\u00e9s ni de 2\/4) sur 2 courses d&rsquo;une m\u00eame r\u00e9union. La mise totale&#8230;<\/p>\n","protected":false},"author":1,"featured_media":0,"parent":0,"menu_order":0,"comment_status":"closed","ping_status":"closed","template":"","meta":{"jetpack_post_was_ever_published":false,"footnotes":""},"class_list":["post-1341","page","type-page","status-publish","hentry"],"jetpack_sharing_enabled":true,"_links":{"self":[{"href":"https:\/\/www.lucskyturf.com\/index.php\/wp-json\/wp\/v2\/pages\/1341","targetHints":{"allow":["GET"]}}],"collection":[{"href":"https:\/\/www.lucskyturf.com\/index.php\/wp-json\/wp\/v2\/pages"}],"about":[{"href":"https:\/\/www.lucskyturf.com\/index.php\/wp-json\/wp\/v2\/types\/page"}],"author":[{"embeddable":true,"href":"https:\/\/www.lucskyturf.com\/index.php\/wp-json\/wp\/v2\/users\/1"}],"replies":[{"embeddable":true,"href":"https:\/\/www.lucskyturf.com\/index.php\/wp-json\/wp\/v2\/comments?post=1341"}],"version-history":[{"count":11,"href":"https:\/\/www.lucskyturf.com\/index.php\/wp-json\/wp\/v2\/pages\/1341\/revisions"}],"predecessor-version":[{"id":2915,"href":"https:\/\/www.lucskyturf.com\/index.php\/wp-json\/wp\/v2\/pages\/1341\/revisions\/2915"}],"wp:attachment":[{"href":"https:\/\/www.lucskyturf.com\/index.php\/wp-json\/wp\/v2\/media?parent=1341"}],"curies":[{"name":"wp","href":"https:\/\/api.w.org\/{rel}","templated":true}]}}