{"id":108,"date":"2022-06-23T11:14:04","date_gmt":"2022-06-23T09:14:04","guid":{"rendered":"http:\/\/www.lucskyturf.com\/?page_id=108"},"modified":"2023-05-22T19:09:11","modified_gmt":"2023-05-22T17:09:11","slug":"bilan-montante-lucsky","status":"publish","type":"page","link":"https:\/\/www.lucskyturf.com\/index.php\/bilan-montante-lucsky\/","title":{"rendered":"Bilan Montante Lucsky"},"content":{"rendered":"\n<div class=\"wp-block-columns is-layout-flex wp-container-core-columns-is-layout-9d6595d7 wp-block-columns-is-layout-flex\">\n<div class=\"wp-block-column is-layout-flow wp-block-column-is-layout-flow\" style=\"flex-basis:100%\">\n<div class=\"wp-block-group\"><div class=\"wp-block-group__inner-container is-layout-constrained wp-block-group-is-layout-constrained\">\n<div class=\"wp-block-columns is-layout-flex wp-container-core-columns-is-layout-9d6595d7 wp-block-columns-is-layout-flex\">\n<div class=\"wp-block-column is-layout-flow wp-block-column-is-layout-flow\" style=\"flex-basis:100%\">\n<div class=\"wp-block-group\"><div class=\"wp-block-group__inner-container is-layout-constrained wp-block-group-is-layout-constrained\">\n<figure class=\"wp-block-table aligncenter is-style-stripes\" style=\"font-size:12px\"><table><tbody><tr><td>Date<\/td><td>Sp\u00e9cialit\u00e9<\/td><td>Nom du Cheval<\/td><td>R\u00e9sultat<\/td><td>Mise<\/td><td>Rapport<\/td><td>Solde<\/td><\/tr><tr><td>01\/05<\/td><td>PLAT<\/td><td>CICCIO BOY<\/td><td>8\u00e8me<\/td><td>30\u20ac<\/td><td><\/td><td>270,00\u20ac<\/td><\/tr><tr><td>02\/05<\/td><td>PLAT<\/td><td>BLACK MILORD TAVEL<\/td><td>13\u00e8me<\/td><td>27\u20ac<\/td><td><\/td><td>243,00\u20ac<\/td><\/tr><tr><td>03\/05<\/td><td>TROT<\/td><td>DEESSE DE CORDAY<\/td><td>2\u00e8me<\/td><td>24\u20ac<\/td><td>2,50\u20ac<\/td><td>279,00\u20ac<\/td><\/tr><tr><td>04\/05<\/td><td>PLAT<\/td><td>SCOTTISH ANTHEM<\/td><td>8\u00e8me<\/td><td>27\u20ac<\/td><td><\/td><td>252,00\u20ac<\/td><\/tr><tr><td>05\/05<\/td><td>TROT<\/td><td>ZINKO TOP<\/td><td>8\u00e8me<\/td><td>25\u20ac<\/td><td><\/td><td>227,00\u20ac<\/td><\/tr><tr><td>06\/05<\/td><td>TROT<\/td><td>GOELAND D&rsquo;HAUFOR<\/td><td>1er<\/td><td>22\u20ac<\/td><td>3,30\u20ac<\/td><td>277,60\u20ac<\/td><\/tr><tr><td>07\/05<\/td><td>PLAT<\/td><td>KLIFF BERE<\/td><td>8\u00e8me<\/td><td>27\u20ac<\/td><td><\/td><td>250,60\u20ac<\/td><\/tr><tr><td>08\/05<\/td><td>PLAT<\/td><td>SAISON FROIDE<\/td><td>4\u00e8me<\/td><td>25\u20ac<\/td><td><\/td><td>225,60\u20ac<\/td><\/tr><tr><td>09\/05<\/td><td>PLAT<\/td><td>CUEROS<\/td><td>9\u00e8me<\/td><td>22\u20ac<\/td><td><\/td><td>203,60\u20ac<\/td><\/tr><tr><td>10\/05<\/td><td>PLAT<\/td><td>GLORY OF ROME<\/td><td>1er<\/td><td>20\u20ac<\/td><td>3,10\u20ac<\/td><td>245,60\u20ac<\/td><\/tr><tr><td>11\/05<\/td><td>PLAT<\/td><td>UGOTTHELOOK<\/td><td>8\u00e8me<\/td><td>24\u20ac<\/td><td><\/td><td>221,60\u20ac<\/td><\/tr><tr><td>12\/05<\/td><td>TROT<\/td><td>GAMIN DE MAHEY<\/td><td>3\u00e8me<\/td><td>22\u20ac<\/td><td>4,30\u20ac<\/td><td>294,20\u20ac<\/td><\/tr><tr><td>13\/05<\/td><td>TROT<\/td><td>HOKKAIDO JIEL<\/td><td>2\u00e8me<\/td><td>29\u20ac<\/td><td>2,30\u20ac<\/td><td>331,90\u20ac<\/td><\/tr><tr><td>14\/05<\/td><td>PLAT<\/td><td>JOEY UP<\/td><td>8\u00e8me<\/td><td>33\u20ac<\/td><td><\/td><td>298,90\u20ac<\/td><\/tr><tr><td>15\/05<\/td><td>TROT<\/td><td>GIRL PETTEVINIERE<\/td><td>3\u00e8me<\/td><td>29\u20ac<\/td><td>2,20\u20ac<\/td><td>333,70\u20ac<\/td><\/tr><tr><td>16\/05<\/td><td>PLAT<\/td><td>OFFRANVILLE<\/td><td>16\u00e8me<\/td><td>33\u20ac<\/td><td><\/td><td>300,70\u20ac<\/td><\/tr><tr><td>17\/05<\/td><td>TROT<\/td><td>GALA TEJY<\/td><td>5\u00e8me<\/td><td>30\u20ac<\/td><td><\/td><td>270,70\u20ac<\/td><\/tr><tr><td>18\/05<\/td><td>PLAT<\/td><td>CICCIO BOY<\/td><td>2\u00e8me<\/td><td>27\u20ac<\/td><td>2,90\u20ac<\/td><td>322,00\u20ac<\/td><\/tr><tr><td>19\/05<\/td><td>TROT<\/td><td>JEXELLE LUGUI<\/td><td>2\u00e8me<\/td><td>32\u20ac<\/td><td>2,60\u20ac<\/td><td>373,20\u20ac<\/td><\/tr><tr><td>20\/05<\/td><td>OBSTACLE<\/td><td>KLASSICAL DREAM<\/td><td>3\u00e8me<\/td><td>37\u20ac<\/td><td>1,70\u20ac<\/td><td>399,10\u20ac<\/td><\/tr><tr><td>21\/05<\/td><td>OBSTACLE<\/td><td>FRANCO DE PORT<\/td><td>8\u00e8me<\/td><td>39\u20ac<\/td><td><\/td><td>360,10\u20ac<\/td><\/tr><tr><td>22\/05<\/td><td>PLAT<\/td><td>DIVA DU DANCING<\/td><td>1\u00e8re<\/td><td>36\u20ac<\/td><td>2,60\u20ac<\/td><td>417,70\u20ac<\/td><\/tr><tr><td>23\/05<\/td><td>PLAT<\/td><td><\/td><td><\/td><td>41\u20ac<\/td><td><\/td><td><\/td><\/tr><\/tbody><\/table><\/figure>\n<\/div><\/div>\n<\/div>\n<\/div>\n<\/div><\/div>\n<\/div>\n<\/div>\n","protected":false},"excerpt":{"rendered":"<p>Date Sp\u00e9cialit\u00e9 Nom du Cheval R\u00e9sultat Mise Rapport Solde 01\/05 PLAT CICCIO BOY 8\u00e8me 30\u20ac 270,00\u20ac 02\/05 PLAT BLACK MILORD TAVEL 13\u00e8me 27\u20ac 243,00\u20ac 03\/05 TROT DEESSE DE CORDAY 2\u00e8me&#8230;<\/p>\n","protected":false},"author":1,"featured_media":0,"parent":0,"menu_order":0,"comment_status":"closed","ping_status":"closed","template":"","meta":{"footnotes":""},"class_list":["post-108","page","type-page","status-publish","hentry"],"jetpack_sharing_enabled":true,"_links":{"self":[{"href":"https:\/\/www.lucskyturf.com\/index.php\/wp-json\/wp\/v2\/pages\/108","targetHints":{"allow":["GET"]}}],"collection":[{"href":"https:\/\/www.lucskyturf.com\/index.php\/wp-json\/wp\/v2\/pages"}],"about":[{"href":"https:\/\/www.lucskyturf.com\/index.php\/wp-json\/wp\/v2\/types\/page"}],"author":[{"embeddable":true,"href":"https:\/\/www.lucskyturf.com\/index.php\/wp-json\/wp\/v2\/users\/1"}],"replies":[{"embeddable":true,"href":"https:\/\/www.lucskyturf.com\/index.php\/wp-json\/wp\/v2\/comments?post=108"}],"version-history":[{"count":35,"href":"https:\/\/www.lucskyturf.com\/index.php\/wp-json\/wp\/v2\/pages\/108\/revisions"}],"predecessor-version":[{"id":2283,"href":"https:\/\/www.lucskyturf.com\/index.php\/wp-json\/wp\/v2\/pages\/108\/revisions\/2283"}],"wp:attachment":[{"href":"https:\/\/www.lucskyturf.com\/index.php\/wp-json\/wp\/v2\/media?parent=108"}],"curies":[{"name":"wp","href":"https:\/\/api.w.org\/{rel}","templated":true}]}}