{"id":10081,"date":"2026-05-01T19:34:25","date_gmt":"2026-05-01T17:34:25","guid":{"rendered":"https:\/\/www.lucskyturf.com\/?page_id=10081"},"modified":"2026-05-01T19:34:25","modified_gmt":"2026-05-01T17:34:25","slug":"classement-challenge-impasse-mai-2026","status":"publish","type":"page","link":"https:\/\/www.lucskyturf.com\/index.php\/classement-challenge-impasse-mai-2026\/","title":{"rendered":"Classement Challenge Impasse Mai 2026"},"content":{"rendered":"\n<p>Classement g\u00e9n\u00e9ral apr\u00e8s le premier jour du mois<\/p>\n\n\n\n<p>Le lien vers notre fichier de suivi : demain<\/p>\n\n\n\n<p>Petit rappel en cas d\u2019erreur de num\u00e9ro si le nom du cheval est cit\u00e9 il devient prioritaire sur le num\u00e9ro indiqu\u00e9.<\/p>\n\n\n<div class=\"wp-block-image\">\n<figure class=\"aligncenter size-full\"><img loading=\"lazy\" decoding=\"async\" width=\"287\" height=\"835\" src=\"https:\/\/www.lucskyturf.com\/wp-content\/uploads\/2026\/05\/image-5.png\" alt=\"\" class=\"wp-image-10083\" srcset=\"https:\/\/www.lucskyturf.com\/wp-content\/uploads\/2026\/05\/image-5.png 287w, https:\/\/www.lucskyturf.com\/wp-content\/uploads\/2026\/05\/image-5-103x300.png 103w\" sizes=\"auto, (max-width: 287px) 100vw, 287px\" \/><\/figure>\n<\/div>","protected":false},"excerpt":{"rendered":"<p>Classement g\u00e9n\u00e9ral apr\u00e8s le premier jour du mois Le lien vers notre fichier de suivi : demain Petit rappel en cas d\u2019erreur de num\u00e9ro si le nom du cheval est&#8230;<\/p>\n","protected":false},"author":1,"featured_media":0,"parent":0,"menu_order":0,"comment_status":"closed","ping_status":"closed","template":"","meta":{"jetpack_post_was_ever_published":false,"footnotes":""},"class_list":["post-10081","page","type-page","status-publish","hentry"],"jetpack_sharing_enabled":true,"_links":{"self":[{"href":"https:\/\/www.lucskyturf.com\/index.php\/wp-json\/wp\/v2\/pages\/10081","targetHints":{"allow":["GET"]}}],"collection":[{"href":"https:\/\/www.lucskyturf.com\/index.php\/wp-json\/wp\/v2\/pages"}],"about":[{"href":"https:\/\/www.lucskyturf.com\/index.php\/wp-json\/wp\/v2\/types\/page"}],"author":[{"embeddable":true,"href":"https:\/\/www.lucskyturf.com\/index.php\/wp-json\/wp\/v2\/users\/1"}],"replies":[{"embeddable":true,"href":"https:\/\/www.lucskyturf.com\/index.php\/wp-json\/wp\/v2\/comments?post=10081"}],"version-history":[{"count":1,"href":"https:\/\/www.lucskyturf.com\/index.php\/wp-json\/wp\/v2\/pages\/10081\/revisions"}],"predecessor-version":[{"id":10084,"href":"https:\/\/www.lucskyturf.com\/index.php\/wp-json\/wp\/v2\/pages\/10081\/revisions\/10084"}],"wp:attachment":[{"href":"https:\/\/www.lucskyturf.com\/index.php\/wp-json\/wp\/v2\/media?parent=10081"}],"curies":[{"name":"wp","href":"https:\/\/api.w.org\/{rel}","templated":true}]}}